{"id":97,"date":"2025-05-19T16:01:06","date_gmt":"2025-05-19T16:01:06","guid":{"rendered":"https:\/\/jawad.sn\/?page_id=97"},"modified":"2025-06-26T15:09:01","modified_gmt":"2025-06-26T15:09:01","slug":"rejoignez-nous","status":"publish","type":"page","link":"https:\/\/jawad.sn\/index.php\/rejoignez-nous\/","title":{"rendered":"Rejoignez nous !"},"content":{"rendered":"\t\t<div data-elementor-type=\"wp-page\" data-elementor-id=\"97\" class=\"elementor elementor-97\" data-elementor-post-type=\"page\">\n\t\t\t\t<div class=\"elementor-element elementor-element-f4fd77e e-flex e-con-boxed e-con e-parent\" data-id=\"f4fd77e\" data-element_type=\"container\" data-settings=\"{&quot;background_background&quot;:&quot;classic&quot;}\">\n\t\t\t\t\t<div class=\"e-con-inner\">\n\t\t\t\t<div class=\"elementor-element elementor-element-213ad00 elementor-widget elementor-widget-heading\" data-id=\"213ad00\" data-element_type=\"widget\" data-widget_type=\"heading.default\">\n\t\t\t\t<div class=\"elementor-widget-container\">\n\t\t\t\t\t<h2 class=\"elementor-heading-title elementor-size-default\">CONTACTEZ-NOUS <\/h2>\t\t\t\t<\/div>\n\t\t\t\t<\/div>\n\t\t\t\t\t<\/div>\n\t\t\t\t<\/div>\n\t\t<div class=\"elementor-element elementor-element-225f42b e-flex e-con-boxed e-con e-parent\" data-id=\"225f42b\" data-element_type=\"container\">\n\t\t\t\t\t<div class=\"e-con-inner\">\n\t\t\t\t<div class=\"elementor-element elementor-element-db4208c elementor-widget elementor-widget-text-editor\" data-id=\"db4208c\" data-element_type=\"widget\" data-widget_type=\"text-editor.default\">\n\t\t\t\t<div class=\"elementor-widget-container\">\n\t\t\t\t\t\t\t\t\t<p>Chez Jawad Formation, chaque demande est trait\u00e9e avec attention.<br \/>Que vous soyez une entreprise souhaitant former ses \u00e9quipes, un cadre souhaitant rejoindre une<br \/>session ou simplement \u00e0 la recherche d\u2019informations, notre \u00e9quipe est l\u00e0 pour vous r\u00e9pondre<br \/>rapidement.<\/p>\t\t\t\t\t\t\t\t<\/div>\n\t\t\t\t<\/div>\n\t\t\t\t\t<\/div>\n\t\t\t\t<\/div>\n\t\t<div class=\"elementor-element elementor-element-f162528 e-flex e-con-boxed e-con e-parent\" data-id=\"f162528\" data-element_type=\"container\">\n\t\t\t\t\t<div class=\"e-con-inner\">\n\t\t<div class=\"elementor-element elementor-element-1e09828 e-con-full e-flex e-con e-child\" data-id=\"1e09828\" data-element_type=\"container\">\n\t\t<div class=\"elementor-element elementor-element-0906fc0 e-grid e-con-full e-con e-child\" data-id=\"0906fc0\" data-element_type=\"container\">\n\t\t\t\t<div class=\"elementor-element elementor-element-528f376 elementor-icon-list--layout-traditional elementor-list-item-link-full_width elementor-widget elementor-widget-icon-list\" data-id=\"528f376\" data-element_type=\"widget\" data-widget_type=\"icon-list.default\">\n\t\t\t\t<div class=\"elementor-widget-container\">\n\t\t\t\t\t\t\t<ul class=\"elementor-icon-list-items\">\n\t\t\t\t\t\t\t<li class=\"elementor-icon-list-item\">\n\t\t\t\t\t\t\t\t\t\t\t<span class=\"elementor-icon-list-icon\">\n\t\t\t\t\t\t\t<svg aria-hidden=\"true\" class=\"e-font-icon-svg e-fas-phone-alt\" viewBox=\"0 0 512 512\" xmlns=\"http:\/\/www.w3.org\/2000\/svg\"><path d=\"M497.39 361.8l-112-48a24 24 0 0 0-28 6.9l-49.6 60.6A370.66 370.66 0 0 1 130.6 204.11l60.6-49.6a23.94 23.94 0 0 0 6.9-28l-48-112A24.16 24.16 0 0 0 122.6.61l-104 24A24 24 0 0 0 0 48c0 256.5 207.9 464 464 464a24 24 0 0 0 23.4-18.6l24-104a24.29 24.29 0 0 0-14.01-27.6z\"><\/path><\/svg>\t\t\t\t\t\t<\/span>\n\t\t\t\t\t\t\t\t\t\t<span class=\"elementor-icon-list-text\"><span style=\"text-align: center\">78 736 53 89 \/ 78 835 99 27<\/span><span style=\"text-align: center\"><\/span><\/span>\n\t\t\t\t\t\t\t\t\t<\/li>\n\t\t\t\t\t\t\t\t<li class=\"elementor-icon-list-item\">\n\t\t\t\t\t\t\t\t\t\t\t<span class=\"elementor-icon-list-icon\">\n\t\t\t\t\t\t\t<svg aria-hidden=\"true\" class=\"e-font-icon-svg e-fas-envelope-open\" viewBox=\"0 0 512 512\" xmlns=\"http:\/\/www.w3.org\/2000\/svg\"><path d=\"M512 464c0 26.51-21.49 48-48 48H48c-26.51 0-48-21.49-48-48V200.724a48 48 0 0 1 18.387-37.776c24.913-19.529 45.501-35.365 164.2-121.511C199.412 29.17 232.797-.347 256 .003c23.198-.354 56.596 29.172 73.413 41.433 118.687 86.137 139.303 101.995 164.2 121.512A48 48 0 0 1 512 200.724V464zm-65.666-196.605c-2.563-3.728-7.7-4.595-11.339-1.907-22.845 16.873-55.462 40.705-105.582 77.079-16.825 12.266-50.21 41.781-73.413 41.43-23.211.344-56.559-29.143-73.413-41.43-50.114-36.37-82.734-60.204-105.582-77.079-3.639-2.688-8.776-1.821-11.339 1.907l-9.072 13.196a7.998 7.998 0 0 0 1.839 10.967c22.887 16.899 55.454 40.69 105.303 76.868 20.274 14.781 56.524 47.813 92.264 47.573 35.724.242 71.961-32.771 92.263-47.573 49.85-36.179 82.418-59.97 105.303-76.868a7.998 7.998 0 0 0 1.839-10.967l-9.071-13.196z\"><\/path><\/svg>\t\t\t\t\t\t<\/span>\n\t\t\t\t\t\t\t\t\t\t<span class=\"elementor-icon-list-text\"><span style=\"text-align: center\">contact@jawad.sn<\/span><\/span>\n\t\t\t\t\t\t\t\t\t<\/li>\n\t\t\t\t\t\t\t\t<li class=\"elementor-icon-list-item\">\n\t\t\t\t\t\t\t\t\t\t\t<span class=\"elementor-icon-list-icon\">\n\t\t\t\t\t\t\t<svg aria-hidden=\"true\" class=\"e-font-icon-svg e-fas-map-marker-alt\" viewBox=\"0 0 384 512\" xmlns=\"http:\/\/www.w3.org\/2000\/svg\"><path d=\"M172.268 501.67C26.97 291.031 0 269.413 0 192 0 85.961 85.961 0 192 0s192 85.961 192 192c0 77.413-26.97 99.031-172.268 309.67-9.535 13.774-29.93 13.773-39.464 0zM192 272c44.183 0 80-35.817 80-80s-35.817-80-80-80-80 35.817-80 80 35.817 80 80 80z\"><\/path><\/svg>\t\t\t\t\t\t<\/span>\n\t\t\t\t\t\t\t\t\t\t<span class=\"elementor-icon-list-text\"><span style=\"text-align: center\">Dakar\/Mamelle  \u00e0 100m de la pharmacie Atlantic<\/span><\/span>\n\t\t\t\t\t\t\t\t\t<\/li>\n\t\t\t\t\t\t<\/ul>\n\t\t\t\t\t\t<\/div>\n\t\t\t\t<\/div>\n\t\t\t\t<\/div>\n\t\t\t\t<\/div>\n\t\t<div class=\"elementor-element elementor-element-f32a418 e-con-full e-flex e-con e-child\" data-id=\"f32a418\" data-element_type=\"container\">\n\t\t\t\t<div class=\"elementor-element elementor-element-8308d3a elementor-widget elementor-widget-shortcode\" data-id=\"8308d3a\" data-element_type=\"widget\" data-widget_type=\"shortcode.default\">\n\t\t\t\t<div class=\"elementor-widget-container\">\n\t\t\t\t\t\t\t<div class=\"elementor-shortcode\">\t<div class=\"wpforms-container wpforms-container-full wpforms-render-modern\" id=\"wpforms-357\"><form id=\"wpforms-form-357\" class=\"wpforms-validate wpforms-form wpforms-ajax-form\" data-formid=\"357\" method=\"post\" enctype=\"multipart\/form-data\" action=\"\/index.php\/wp-json\/wp\/v2\/pages\/97\" data-token=\"ed8559623396b41855d667620faaad06\" data-token-time=\"1776415891\"><noscript class=\"wpforms-error-noscript\">Veuillez activer JavaScript dans votre navigateur pour remplir ce formulaire.<\/noscript><div class=\"wpforms-hidden\" id=\"wpforms-error-noscript\">Veuillez activer JavaScript dans votre navigateur pour remplir ce formulaire.<\/div><div class=\"wpforms-field-container\">\t\t<div id=\"wpforms-357-field_5-container\"\n\t\t\tclass=\"wpforms-field wpforms-field-text\"\n\t\t\tdata-field-type=\"text\"\n\t\t\tdata-field-id=\"5\"\n\t\t\t>\n\t\t\t<label class=\"wpforms-field-label\" for=\"wpforms-357-field_5\" >Message Nom T\u00e9l\u00e9phone<\/label>\n\t\t\t<input type=\"text\" id=\"wpforms-357-field_5\" class=\"wpforms-field-medium\" name=\"wpforms[fields][5]\" >\n\t\t<\/div>\n\t\t<div id=\"wpforms-357-field_1-container\" class=\"wpforms-field wpforms-field-name\" data-field-id=\"1\"><fieldset><legend class=\"wpforms-field-label\">Nom <span class=\"wpforms-required-label\" aria-hidden=\"true\">*<\/span><\/legend><div class=\"wpforms-field-row wpforms-field-medium\"><div class=\"wpforms-field-row-block wpforms-first wpforms-one-half\"><input type=\"text\" id=\"wpforms-357-field_1\" class=\"wpforms-field-name-first wpforms-field-required\" name=\"wpforms[fields][1][first]\" aria-errormessage=\"wpforms-357-field_1-error\" required><label for=\"wpforms-357-field_1\" class=\"wpforms-field-sublabel after\">Pr\u00e9nom<\/label><\/div><div class=\"wpforms-field-row-block wpforms-one-half\"><input type=\"text\" id=\"wpforms-357-field_1-last\" class=\"wpforms-field-name-last wpforms-field-required\" name=\"wpforms[fields][1][last]\" aria-errormessage=\"wpforms-357-field_1-last-error\" required><label for=\"wpforms-357-field_1-last\" class=\"wpforms-field-sublabel after\">Nom<\/label><\/div><\/div><\/fieldset><\/div><div id=\"wpforms-357-field_4-container\" class=\"wpforms-field wpforms-field-number\" data-field-id=\"4\"><label class=\"wpforms-field-label\" for=\"wpforms-357-field_4\">T\u00e9l\u00e9phone<\/label><input type=\"number\" id=\"wpforms-357-field_4\" class=\"wpforms-field-medium\" name=\"wpforms[fields][4]\" step=\"any\" aria-errormessage=\"wpforms-357-field_4-error\" ><\/div><div id=\"wpforms-357-field_2-container\" class=\"wpforms-field wpforms-field-email\" data-field-id=\"2\"><label class=\"wpforms-field-label\" for=\"wpforms-357-field_2\">E-mail <span class=\"wpforms-required-label\" aria-hidden=\"true\">*<\/span><\/label><input type=\"email\" id=\"wpforms-357-field_2\" class=\"wpforms-field-medium wpforms-field-required\" name=\"wpforms[fields][2]\" spellcheck=\"false\" aria-errormessage=\"wpforms-357-field_2-error\" required><\/div><div id=\"wpforms-357-field_3-container\" class=\"wpforms-field wpforms-field-textarea\" data-field-id=\"3\"><label class=\"wpforms-field-label\" for=\"wpforms-357-field_3\">Message <span class=\"wpforms-required-label\" aria-hidden=\"true\">*<\/span><\/label><textarea id=\"wpforms-357-field_3\" class=\"wpforms-field-medium wpforms-field-required\" name=\"wpforms[fields][3]\" aria-errormessage=\"wpforms-357-field_3-error\" required><\/textarea><\/div><script>\n\t\t\t\t( function() {\n\t\t\t\t\tconst style = document.createElement( 'style' );\n\t\t\t\t\tstyle.appendChild( document.createTextNode( '#wpforms-357-field_5-container { position: absolute !important; overflow: hidden !important; display: inline !important; height: 1px !important; width: 1px !important; z-index: -1000 !important; padding: 0 !important; } #wpforms-357-field_5-container input { visibility: hidden; } #wpforms-conversational-form-page #wpforms-357-field_5-container label { counter-increment: none; }' ) );\n\t\t\t\t\tdocument.head.appendChild( style );\n\t\t\t\t\tdocument.currentScript?.remove();\n\t\t\t\t} )();\n\t\t\t<\/script><\/div><!-- .wpforms-field-container --><div class=\"wpforms-submit-container\" ><input type=\"hidden\" name=\"wpforms[id]\" value=\"357\"><input type=\"hidden\" name=\"page_title\" value=\"\"><input type=\"hidden\" name=\"page_url\" value=\"https:\/\/jawad.sn\/index.php\/wp-json\/wp\/v2\/pages\/97\"><input type=\"hidden\" name=\"url_referer\" value=\"\"><button type=\"submit\" name=\"wpforms[submit]\" id=\"wpforms-submit-357\" class=\"wpforms-submit\" data-alt-text=\"Envoi...\" data-submit-text=\"Envoyer\" aria-live=\"assertive\" value=\"wpforms-submit\">Envoyer<\/button><img decoding=\"async\" src=\"https:\/\/jawad.sn\/wp-content\/plugins\/wpforms-lite\/assets\/images\/submit-spin.svg\" class=\"wpforms-submit-spinner\" style=\"display: none;\" width=\"26\" height=\"26\" alt=\"Chargement en cours\"><\/div><\/form><\/div>  <!-- .wpforms-container --><\/div>\n\t\t\t\t\t\t<\/div>\n\t\t\t\t<\/div>\n\t\t\t\t<\/div>\n\t\t\t\t\t<\/div>\n\t\t\t\t<\/div>\n\t\t<div class=\"elementor-element elementor-element-b4e0a41 e-con-full e-flex e-con e-parent\" data-id=\"b4e0a41\" data-element_type=\"container\">\n\t\t\t\t<div class=\"elementor-element elementor-element-c5a30e6 elementor-widget elementor-widget-google_maps\" data-id=\"c5a30e6\" data-element_type=\"widget\" data-widget_type=\"google_maps.default\">\n\t\t\t\t<div class=\"elementor-widget-container\">\n\t\t\t\t\t\t\t<div class=\"elementor-custom-embed\">\n\t\t\t<iframe loading=\"lazy\"\n\t\t\t\t\tsrc=\"https:\/\/maps.google.com\/maps?q=PGJ2%2BGGC%2C%20Dakar&#038;t=m&#038;z=15&#038;output=embed&#038;iwloc=near\"\n\t\t\t\t\ttitle=\"PGJ2+GGC, Dakar\"\n\t\t\t\t\taria-label=\"PGJ2+GGC, Dakar\"\n\t\t\t><\/iframe>\n\t\t<\/div>\n\t\t\t\t\t\t<\/div>\n\t\t\t\t<\/div>\n\t\t\t\t<\/div>\n\t\t\t\t<\/div>\n\t\t","protected":false},"excerpt":{"rendered":"<p>CONTACTEZ-NOUS Chez Jawad Formation, chaque demande est trait\u00e9e avec attention.Que vous soyez une entreprise souhaitant former ses \u00e9quipes, un cadre souhaitant rejoindre unesession ou simplement \u00e0 la recherche d\u2019informations, notre \u00e9quipe est l\u00e0 pour vous r\u00e9pondrerapidement. 78 736 53 89 \/ 78 835 99 27 contact@jawad.sn Dakar\/Mamelle \u00e0 100m de la pharmacie Atlantic<\/p>\n","protected":false},"author":2,"featured_media":0,"parent":0,"menu_order":0,"comment_status":"closed","ping_status":"closed","template":"","meta":{"ocean_post_layout":"","ocean_both_sidebars_style":"","ocean_both_sidebars_content_width":0,"ocean_both_sidebars_sidebars_width":0,"ocean_sidebar":"","ocean_second_sidebar":"","ocean_disable_margins":"enable","ocean_add_body_class":"","ocean_shortcode_before_top_bar":"","ocean_shortcode_after_top_bar":"","ocean_shortcode_before_header":"","ocean_shortcode_after_header":"","ocean_has_shortcode":"","ocean_shortcode_after_title":"","ocean_shortcode_before_footer_widgets":"","ocean_shortcode_after_footer_widgets":"","ocean_shortcode_before_footer_bottom":"","ocean_shortcode_after_footer_bottom":"","ocean_display_top_bar":"default","ocean_display_header":"default","ocean_header_style":"","ocean_center_header_left_menu":"","ocean_custom_header_template":"","ocean_custom_logo":0,"ocean_custom_retina_logo":0,"ocean_custom_logo_max_width":0,"ocean_custom_logo_tablet_max_width":0,"ocean_custom_logo_mobile_max_width":0,"ocean_custom_logo_max_height":0,"ocean_custom_logo_tablet_max_height":0,"ocean_custom_logo_mobile_max_height":0,"ocean_header_custom_menu":"","ocean_menu_typo_font_family":"","ocean_menu_typo_font_subset":"","ocean_menu_typo_font_size":0,"ocean_menu_typo_font_size_tablet":0,"ocean_menu_typo_font_size_mobile":0,"ocean_menu_typo_font_size_unit":"px","ocean_menu_typo_font_weight":"","ocean_menu_typo_font_weight_tablet":"","ocean_menu_typo_font_weight_mobile":"","ocean_menu_typo_transform":"","ocean_menu_typo_transform_tablet":"","ocean_menu_typo_transform_mobile":"","ocean_menu_typo_line_height":0,"ocean_menu_typo_line_height_tablet":0,"ocean_menu_typo_line_height_mobile":0,"ocean_menu_typo_line_height_unit":"","ocean_menu_typo_spacing":0,"ocean_menu_typo_spacing_tablet":0,"ocean_menu_typo_spacing_mobile":0,"ocean_menu_typo_spacing_unit":"","ocean_menu_link_color":"","ocean_menu_link_color_hover":"","ocean_menu_link_color_active":"","ocean_menu_link_background":"","ocean_menu_link_hover_background":"","ocean_menu_link_active_background":"","ocean_menu_social_links_bg":"","ocean_menu_social_hover_links_bg":"","ocean_menu_social_links_color":"","ocean_menu_social_hover_links_color":"","ocean_disable_title":"default","ocean_disable_heading":"default","ocean_post_title":"","ocean_post_subheading":"","ocean_post_title_style":"","ocean_post_title_background_color":"","ocean_post_title_background":0,"ocean_post_title_bg_image_position":"","ocean_post_title_bg_image_attachment":"","ocean_post_title_bg_image_repeat":"","ocean_post_title_bg_image_size":"","ocean_post_title_height":0,"ocean_post_title_bg_overlay":0.5,"ocean_post_title_bg_overlay_color":"","ocean_disable_breadcrumbs":"default","ocean_breadcrumbs_color":"","ocean_breadcrumbs_separator_color":"","ocean_breadcrumbs_links_color":"","ocean_breadcrumbs_links_hover_color":"","ocean_display_footer_widgets":"default","ocean_display_footer_bottom":"default","ocean_custom_footer_template":"","footnotes":""},"class_list":["post-97","page","type-page","status-publish","hentry","entry"],"yoast_head":"<!-- This site is optimized with the Yoast SEO plugin v25.3.1 - https:\/\/yoast.com\/wordpress\/plugins\/seo\/ -->\n<title>Rejoignez nous ! - jawad<\/title>\n<meta name=\"description\" content=\"Nous sommes \u00e0 votre \u00e9coute pour r\u00e9pondre \u00e0 toutes vos questions et vous accompagner dans votre parcours de formation.\ud83d\udccd Adresse : Dakar\/Mamelle \u00e0 100m de la pharmacie Atlantic \ud83d\udcde T\u00e9l\u00e9phone : 78 736 53 89 \/ 78 835 99 27 \u2709 Email : contact@jawad.sn Vous pouvez \u00e9galement remplir notre formulaire en ligne pour nous envoyer un message directement. Nous vous r\u00e9pondrons dans les plus brefs d\u00e9lais. Chez JAWAD, votre r\u00e9ussite est notre\u00a0priorit\u00e9\u00a0!\" \/>\n<meta name=\"robots\" content=\"index, follow, max-snippet:-1, max-image-preview:large, max-video-preview:-1\" \/>\n<link rel=\"canonical\" href=\"https:\/\/jawad.sn\/index.php\/rejoignez-nous\/\" \/>\n<meta property=\"og:locale\" content=\"fr_FR\" \/>\n<meta property=\"og:type\" content=\"article\" \/>\n<meta property=\"og:title\" content=\"Rejoignez nous ! - jawad\" \/>\n<meta property=\"og:description\" content=\"Nous sommes \u00e0 votre \u00e9coute pour r\u00e9pondre \u00e0 toutes vos questions et vous accompagner dans votre parcours de formation.\ud83d\udccd Adresse : Dakar\/Mamelle \u00e0 100m de la pharmacie Atlantic \ud83d\udcde T\u00e9l\u00e9phone : 78 736 53 89 \/ 78 835 99 27 \u2709 Email : contact@jawad.sn Vous pouvez \u00e9galement remplir notre formulaire en ligne pour nous envoyer un message directement. Nous vous r\u00e9pondrons dans les plus brefs d\u00e9lais. Chez JAWAD, votre r\u00e9ussite est notre\u00a0priorit\u00e9\u00a0!\" \/>\n<meta property=\"og:url\" content=\"https:\/\/jawad.sn\/index.php\/rejoignez-nous\/\" \/>\n<meta property=\"og:site_name\" content=\"jawad\" \/>\n<meta property=\"article:modified_time\" content=\"2025-06-26T15:09:01+00:00\" \/>\n<meta name=\"twitter:card\" content=\"summary_large_image\" \/>\n<meta name=\"twitter:label1\" content=\"Dur\u00e9e de lecture estim\u00e9e\" \/>\n\t<meta name=\"twitter:data1\" content=\"1 minute\" \/>\n<script type=\"application\/ld+json\" class=\"yoast-schema-graph\">{\"@context\":\"https:\/\/schema.org\",\"@graph\":[{\"@type\":\"WebPage\",\"@id\":\"https:\/\/jawad.sn\/index.php\/rejoignez-nous\/\",\"url\":\"https:\/\/jawad.sn\/index.php\/rejoignez-nous\/\",\"name\":\"Rejoignez nous ! - jawad\",\"isPartOf\":{\"@id\":\"https:\/\/jawad.sn\/#website\"},\"datePublished\":\"2025-05-19T16:01:06+00:00\",\"dateModified\":\"2025-06-26T15:09:01+00:00\",\"description\":\"Nous sommes \u00e0 votre \u00e9coute pour r\u00e9pondre \u00e0 toutes vos questions et vous accompagner dans votre parcours de formation.\ud83d\udccd Adresse : Dakar\/Mamelle \u00e0 100m de la pharmacie Atlantic \ud83d\udcde T\u00e9l\u00e9phone : 78 736 53 89 \/ 78 835 99 27 \u2709 Email : contact@jawad.sn Vous pouvez \u00e9galement remplir notre formulaire en ligne pour nous envoyer un message directement. Nous vous r\u00e9pondrons dans les plus brefs d\u00e9lais. Chez JAWAD, votre r\u00e9ussite est notre\u00a0priorit\u00e9\u00a0!\",\"breadcrumb\":{\"@id\":\"https:\/\/jawad.sn\/index.php\/rejoignez-nous\/#breadcrumb\"},\"inLanguage\":\"fr-FR\",\"potentialAction\":[{\"@type\":\"ReadAction\",\"target\":[\"https:\/\/jawad.sn\/index.php\/rejoignez-nous\/\"]}]},{\"@type\":\"BreadcrumbList\",\"@id\":\"https:\/\/jawad.sn\/index.php\/rejoignez-nous\/#breadcrumb\",\"itemListElement\":[{\"@type\":\"ListItem\",\"position\":1,\"name\":\"Accueil\",\"item\":\"https:\/\/jawad.sn\/\"},{\"@type\":\"ListItem\",\"position\":2,\"name\":\"Rejoignez nous !\"}]},{\"@type\":\"WebSite\",\"@id\":\"https:\/\/jawad.sn\/#website\",\"url\":\"https:\/\/jawad.sn\/\",\"name\":\"jawad\",\"description\":\"Chaque comp\u00e9tence compte, chaque parcours m\u00e9rite l\u2019essor\",\"publisher\":{\"@id\":\"https:\/\/jawad.sn\/#organization\"},\"potentialAction\":[{\"@type\":\"SearchAction\",\"target\":{\"@type\":\"EntryPoint\",\"urlTemplate\":\"https:\/\/jawad.sn\/?s={search_term_string}\"},\"query-input\":{\"@type\":\"PropertyValueSpecification\",\"valueRequired\":true,\"valueName\":\"search_term_string\"}}],\"inLanguage\":\"fr-FR\"},{\"@type\":\"Organization\",\"@id\":\"https:\/\/jawad.sn\/#organization\",\"name\":\"jawad\",\"url\":\"https:\/\/jawad.sn\/\",\"logo\":{\"@type\":\"ImageObject\",\"inLanguage\":\"fr-FR\",\"@id\":\"https:\/\/jawad.sn\/#\/schema\/logo\/image\/\",\"url\":\"https:\/\/jawad.sn\/wp-content\/uploads\/2025\/05\/photo_2025-05-22_12-44-57-removebg-preview.png\",\"contentUrl\":\"https:\/\/jawad.sn\/wp-content\/uploads\/2025\/05\/photo_2025-05-22_12-44-57-removebg-preview.png\",\"width\":666,\"height\":375,\"caption\":\"jawad\"},\"image\":{\"@id\":\"https:\/\/jawad.sn\/#\/schema\/logo\/image\/\"}}]}<\/script>\n<!-- \/ Yoast SEO plugin. -->","yoast_head_json":{"title":"Rejoignez nous ! - jawad","description":"Nous sommes \u00e0 votre \u00e9coute pour r\u00e9pondre \u00e0 toutes vos questions et vous accompagner dans votre parcours de formation.\ud83d\udccd Adresse : Dakar\/Mamelle \u00e0 100m de la pharmacie Atlantic \ud83d\udcde T\u00e9l\u00e9phone : 78 736 53 89 \/ 78 835 99 27 \u2709 Email : contact@jawad.sn Vous pouvez \u00e9galement remplir notre formulaire en ligne pour nous envoyer un message directement. Nous vous r\u00e9pondrons dans les plus brefs d\u00e9lais. Chez JAWAD, votre r\u00e9ussite est notre\u00a0priorit\u00e9\u00a0!","robots":{"index":"index","follow":"follow","max-snippet":"max-snippet:-1","max-image-preview":"max-image-preview:large","max-video-preview":"max-video-preview:-1"},"canonical":"https:\/\/jawad.sn\/index.php\/rejoignez-nous\/","og_locale":"fr_FR","og_type":"article","og_title":"Rejoignez nous ! - jawad","og_description":"Nous sommes \u00e0 votre \u00e9coute pour r\u00e9pondre \u00e0 toutes vos questions et vous accompagner dans votre parcours de formation.\ud83d\udccd Adresse : Dakar\/Mamelle \u00e0 100m de la pharmacie Atlantic \ud83d\udcde T\u00e9l\u00e9phone : 78 736 53 89 \/ 78 835 99 27 \u2709 Email : contact@jawad.sn Vous pouvez \u00e9galement remplir notre formulaire en ligne pour nous envoyer un message directement. Nous vous r\u00e9pondrons dans les plus brefs d\u00e9lais. Chez JAWAD, votre r\u00e9ussite est notre\u00a0priorit\u00e9\u00a0!","og_url":"https:\/\/jawad.sn\/index.php\/rejoignez-nous\/","og_site_name":"jawad","article_modified_time":"2025-06-26T15:09:01+00:00","twitter_card":"summary_large_image","twitter_misc":{"Dur\u00e9e de lecture estim\u00e9e":"1 minute"},"schema":{"@context":"https:\/\/schema.org","@graph":[{"@type":"WebPage","@id":"https:\/\/jawad.sn\/index.php\/rejoignez-nous\/","url":"https:\/\/jawad.sn\/index.php\/rejoignez-nous\/","name":"Rejoignez nous ! - jawad","isPartOf":{"@id":"https:\/\/jawad.sn\/#website"},"datePublished":"2025-05-19T16:01:06+00:00","dateModified":"2025-06-26T15:09:01+00:00","description":"Nous sommes \u00e0 votre \u00e9coute pour r\u00e9pondre \u00e0 toutes vos questions et vous accompagner dans votre parcours de formation.\ud83d\udccd Adresse : Dakar\/Mamelle \u00e0 100m de la pharmacie Atlantic \ud83d\udcde T\u00e9l\u00e9phone : 78 736 53 89 \/ 78 835 99 27 \u2709 Email : contact@jawad.sn Vous pouvez \u00e9galement remplir notre formulaire en ligne pour nous envoyer un message directement. Nous vous r\u00e9pondrons dans les plus brefs d\u00e9lais. Chez JAWAD, votre r\u00e9ussite est notre\u00a0priorit\u00e9\u00a0!","breadcrumb":{"@id":"https:\/\/jawad.sn\/index.php\/rejoignez-nous\/#breadcrumb"},"inLanguage":"fr-FR","potentialAction":[{"@type":"ReadAction","target":["https:\/\/jawad.sn\/index.php\/rejoignez-nous\/"]}]},{"@type":"BreadcrumbList","@id":"https:\/\/jawad.sn\/index.php\/rejoignez-nous\/#breadcrumb","itemListElement":[{"@type":"ListItem","position":1,"name":"Accueil","item":"https:\/\/jawad.sn\/"},{"@type":"ListItem","position":2,"name":"Rejoignez nous !"}]},{"@type":"WebSite","@id":"https:\/\/jawad.sn\/#website","url":"https:\/\/jawad.sn\/","name":"jawad","description":"Chaque comp\u00e9tence compte, chaque parcours m\u00e9rite l\u2019essor","publisher":{"@id":"https:\/\/jawad.sn\/#organization"},"potentialAction":[{"@type":"SearchAction","target":{"@type":"EntryPoint","urlTemplate":"https:\/\/jawad.sn\/?s={search_term_string}"},"query-input":{"@type":"PropertyValueSpecification","valueRequired":true,"valueName":"search_term_string"}}],"inLanguage":"fr-FR"},{"@type":"Organization","@id":"https:\/\/jawad.sn\/#organization","name":"jawad","url":"https:\/\/jawad.sn\/","logo":{"@type":"ImageObject","inLanguage":"fr-FR","@id":"https:\/\/jawad.sn\/#\/schema\/logo\/image\/","url":"https:\/\/jawad.sn\/wp-content\/uploads\/2025\/05\/photo_2025-05-22_12-44-57-removebg-preview.png","contentUrl":"https:\/\/jawad.sn\/wp-content\/uploads\/2025\/05\/photo_2025-05-22_12-44-57-removebg-preview.png","width":666,"height":375,"caption":"jawad"},"image":{"@id":"https:\/\/jawad.sn\/#\/schema\/logo\/image\/"}}]}},"_links":{"self":[{"href":"https:\/\/jawad.sn\/index.php\/wp-json\/wp\/v2\/pages\/97","targetHints":{"allow":["GET"]}}],"collection":[{"href":"https:\/\/jawad.sn\/index.php\/wp-json\/wp\/v2\/pages"}],"about":[{"href":"https:\/\/jawad.sn\/index.php\/wp-json\/wp\/v2\/types\/page"}],"author":[{"embeddable":true,"href":"https:\/\/jawad.sn\/index.php\/wp-json\/wp\/v2\/users\/2"}],"replies":[{"embeddable":true,"href":"https:\/\/jawad.sn\/index.php\/wp-json\/wp\/v2\/comments?post=97"}],"version-history":[{"count":52,"href":"https:\/\/jawad.sn\/index.php\/wp-json\/wp\/v2\/pages\/97\/revisions"}],"predecessor-version":[{"id":617,"href":"https:\/\/jawad.sn\/index.php\/wp-json\/wp\/v2\/pages\/97\/revisions\/617"}],"wp:attachment":[{"href":"https:\/\/jawad.sn\/index.php\/wp-json\/wp\/v2\/media?parent=97"}],"curies":[{"name":"wp","href":"https:\/\/api.w.org\/{rel}","templated":true}]}}