{"id":289,"date":"2025-05-20T16:45:35","date_gmt":"2025-05-20T16:45:35","guid":{"rendered":"https:\/\/jawad.sn\/?page_id=289"},"modified":"2025-06-26T14:49:27","modified_gmt":"2025-06-26T14:49:27","slug":"efficacite-personnel-et-communication","status":"publish","type":"page","link":"https:\/\/jawad.sn\/index.php\/efficacite-personnel-et-communication\/","title":{"rendered":"\u00a0COMP\u00c9TENCES STRAT\u00c9GIQUES &amp; FONCTIONS SUPPORT"},"content":{"rendered":"\t\t<div data-elementor-type=\"wp-page\" data-elementor-id=\"289\" class=\"elementor elementor-289\" data-elementor-post-type=\"page\">\n\t\t\t\t<div class=\"elementor-element elementor-element-3b09f55 e-flex e-con-boxed e-con e-parent\" data-id=\"3b09f55\" data-element_type=\"container\">\n\t\t\t\t\t<div class=\"e-con-inner\">\n\t\t<div class=\"elementor-element elementor-element-97f18f3 e-con-full e-flex e-con e-child\" data-id=\"97f18f3\" data-element_type=\"container\">\n\t\t\t\t<div class=\"elementor-element elementor-element-b320d43 elementor-widget elementor-widget-heading\" data-id=\"b320d43\" data-element_type=\"widget\" data-widget_type=\"heading.default\">\n\t\t\t\t<div class=\"elementor-widget-container\">\n\t\t\t\t\t<h2 class=\"elementor-heading-title elementor-size-default\">COMP\u00c9TENCES STRAT\u00c9GIQUES &amp; FONCTIONS SUPPORT<\/h2>\t\t\t\t<\/div>\n\t\t\t\t<\/div>\n\t\t\t\t<\/div>\n\t\t\t\t\t<\/div>\n\t\t\t\t<\/div>\n\t\t<div class=\"elementor-element elementor-element-04808cd e-flex e-con-boxed e-con e-parent\" data-id=\"04808cd\" data-element_type=\"container\">\n\t\t\t\t\t<div class=\"e-con-inner\">\n\t\t\t\t<div class=\"elementor-element elementor-element-0b9f5bb elementor-widget elementor-widget-text-editor\" data-id=\"0b9f5bb\" data-element_type=\"widget\" data-widget_type=\"text-editor.default\">\n\t\t\t\t<div class=\"elementor-widget-container\">\n\t\t\t\t\t\t\t\t\t<p><em><b>Objectif de la formation<\/b><\/em><\/p><p><span style=\"font-weight: 400;\">Renforcer la capacit\u00e9 des fonctions support \u00e0 contribuer activement \u00e0 la strat\u00e9gie de l\u2019entreprise, en d\u00e9veloppant une vision globale, des comp\u00e9tences d\u2019analyse, de pilotage, et de collaboration interfonctionnelle.<\/span><\/p><p><span style=\"font-weight: 400;\">\u00a0A l&rsquo;issue de la formation les participants seront en mesure de:<\/span><\/p><ul><li style=\"font-weight: 400;\" aria-level=\"1\"><span style=\"font-weight: 400;\">\u00a0Comprendre les enjeux strat\u00e9giques de l\u2019organisation<\/span><\/li><li style=\"font-weight: 400;\" aria-level=\"1\"><span style=\"font-weight: 400;\">Positionner les fonctions support comme partenaires strat\u00e9giques<\/span><\/li><li style=\"font-weight: 400;\" aria-level=\"1\"><span style=\"font-weight: 400;\">D\u00e9velopper une culture de pilotage et d\u2019efficience<\/span><\/li><li style=\"font-weight: 400;\" aria-level=\"1\"><span style=\"font-weight: 400;\">Renforcer les comp\u00e9tences en gestion de projet et en conduite du changement<\/span><\/li><li style=\"font-weight: 400;\" aria-level=\"1\"><span style=\"font-weight: 400;\">Adopter une posture conseil et influente<\/span><\/li><\/ul>\t\t\t\t\t\t\t\t<\/div>\n\t\t\t\t<\/div>\n\t\t\t\t<div class=\"elementor-element elementor-element-e12a4cc elementor-widget elementor-widget-text-editor\" data-id=\"e12a4cc\" data-element_type=\"widget\" data-widget_type=\"text-editor.default\">\n\t\t\t\t<div class=\"elementor-widget-container\">\n\t\t\t\t\t\t\t\t\t<p><em><b>Public cible<\/b><span style=\"font-weight: 400;\">\u00a0<\/span><\/em><\/p><ul><li style=\"font-weight: 400;\" aria-level=\"1\"><span style=\"font-weight: 400;\">Chefs de projet \/ Responsables de transformation<\/span><\/li><li style=\"font-weight: 400;\" aria-level=\"1\"><span style=\"font-weight: 400;\">Responsables de la performance<\/span><\/li><li style=\"font-weight: 400;\" aria-level=\"1\"><span style=\"font-weight: 400;\">Contr\u00f4leur de gestion ou de la qualit\u00e9<\/span><\/li><li style=\"font-weight: 400;\" aria-level=\"1\"><span style=\"font-weight: 400;\">Professionnel en reconversion<\/span><\/li><li style=\"font-weight: 400;\" aria-level=\"1\"><span style=\"font-weight: 400;\">Financier, responsable RH\u00a0<\/span><\/li><li style=\"font-weight: 400;\" aria-level=\"1\"><span style=\"font-weight: 400;\">Cadres dirigeants et membres de comit\u00e9 de direction<\/span><\/li><\/ul>\t\t\t\t\t\t\t\t<\/div>\n\t\t\t\t<\/div>\n\t\t\t\t\t<\/div>\n\t\t\t\t<\/div>\n\t\t<div class=\"elementor-element elementor-element-bf510f0 e-flex e-con-boxed e-con e-parent\" data-id=\"bf510f0\" data-element_type=\"container\">\n\t\t\t\t\t<div class=\"e-con-inner\">\n\t\t<div class=\"elementor-element elementor-element-8447192 e-con-full e-flex e-con e-child\" data-id=\"8447192\" data-element_type=\"container\">\n\t\t<div class=\"elementor-element elementor-element-15c4187 e-con-full e-flex e-con e-child\" data-id=\"15c4187\" data-element_type=\"container\">\n\t\t\t\t<div class=\"elementor-element elementor-element-9a95a41 elementor-widget elementor-widget-text-editor\" data-id=\"9a95a41\" data-element_type=\"widget\" data-widget_type=\"text-editor.default\">\n\t\t\t\t<div class=\"elementor-widget-container\">\n\t\t\t\t\t\t\t\t\t<h4 style=\"text-align: center;\"><span style=\"color: #77c3af;\"><strong><b><span style=\"text-decoration: underline;\">Initiation \u00e0 la strat\u00e9gie d\u2019entreprise<\/span><\/b><\/strong><\/span><\/h4><ul><li><span style=\"font-weight: 400;\">D\u00e9finition et objectifs de la strat\u00e9gie d\u2019entreprise<\/span><\/li><li><span style=\"font-weight: 400;\">Analyse de l\u2019environnement externe (opportunit\u00e9s, menaces \u2013 PESTEL, 5 forces de Porter)<\/span><\/li><li><span style=\"font-weight: 400;\">Analyse interne de l\u2019entreprise (ressources, comp\u00e9tences, cha\u00eene de valeur)<\/span><span style=\"font-weight: 400;\"><br \/><\/span><span style=\"font-weight: 400;\">Diagnostic strat\u00e9gique : SWOT<\/span><\/li><li><span style=\"font-weight: 400;\">Les niveaux de strat\u00e9gie : corporate, business, op\u00e9rationnelle<\/span><\/li><li><span style=\"font-weight: 400;\">Les choix strat\u00e9giques : diff\u00e9renciation, co\u00fbt, sp\u00e9cialisation, diversification<\/span><\/li><li><span style=\"font-weight: 400;\">Introduction \u00e0 la mise en \u0153uvre strat\u00e9gique : planification, pilotage, indicateurs<\/span><\/li><li><span style=\"font-weight: 400;\">\u00c9tudes de cas simples pour illustrer les concepts<\/span><\/li><\/ul>\t\t\t\t\t\t\t\t<\/div>\n\t\t\t\t<\/div>\n\t\t\t\t<\/div>\n\t\t<div class=\"elementor-element elementor-element-c9cc688 e-con-full e-flex e-con e-child\" data-id=\"c9cc688\" data-element_type=\"container\">\n\t\t\t\t<div class=\"elementor-element elementor-element-9dced79 elementor-widget elementor-widget-text-editor\" data-id=\"9dced79\" data-element_type=\"widget\" data-widget_type=\"text-editor.default\">\n\t\t\t\t<div class=\"elementor-widget-container\">\n\t\t\t\t\t\t\t\t\t<h4 style=\"text-align: center;\"><span style=\"color: #77c3af;\"><strong><b><span style=\"text-decoration: underline;\">Pilotage de la performance &amp; tableaux de bord<\/span><\/b><\/strong><\/span><\/h4><ul><li><span style=\"font-weight: 400;\">Principes du pilotage de la performance : enjeux, finalit\u00e9s, m\u00e9thodes<\/span><\/li><li><span style=\"font-weight: 400;\">D\u00e9finir les objectifs et les indicateurs de performance (KPI quantitatifs et qualitatifs)<\/span><\/li><li><span style=\"font-weight: 400;\">Conception et structuration d\u2019un tableau de bord efficace<\/span><\/li><li><span style=\"font-weight: 400;\">Choix des donn\u00e9es pertinentes : fiabilit\u00e9, fr\u00e9quence, source<\/span><\/li><li><span style=\"font-weight: 400;\">Utilisation des tableaux de bord pour le suivi op\u00e9rationnel et strat\u00e9gique<\/span><\/li><li><span style=\"font-weight: 400;\">Lecture et interpr\u00e9tation des r\u00e9sultats<\/span><\/li><li><span style=\"font-weight: 400;\">Aide \u00e0 la d\u00e9cision et d\u00e9clinaison des plans d\u2019actions<\/span><\/li><li><span style=\"font-weight: 400;\">Outils num\u00e9riques de reporting et automatisation (Excel, BI, etc.<\/span><\/li><\/ul>\t\t\t\t\t\t\t\t<\/div>\n\t\t\t\t<\/div>\n\t\t\t\t<\/div>\n\t\t<div class=\"elementor-element elementor-element-8a9de3b e-con-full e-flex e-con e-child\" data-id=\"8a9de3b\" data-element_type=\"container\">\n\t\t\t\t<div class=\"elementor-element elementor-element-95c5ad0 elementor-widget elementor-widget-text-editor\" data-id=\"95c5ad0\" data-element_type=\"widget\" data-widget_type=\"text-editor.default\">\n\t\t\t\t<div class=\"elementor-widget-container\">\n\t\t\t\t\t\t\t\t\t<h4 style=\"text-align: center;\"><span style=\"color: #77c3af;\"><strong><b><span style=\"text-decoration: underline;\">Gestion de projets<\/span><\/b><\/strong><\/span><\/h4><ul><li><span style=\"font-weight: 400;\">D\u00e9finition et typologie des projets<\/span><\/li><li><span style=\"font-weight: 400;\">Les phases du cycle de vie d\u2019un projet (cadrage, planification, ex\u00e9cution, cl\u00f4ture)<\/span><\/li><li><span style=\"font-weight: 400;\">R\u00f4les et responsabilit\u00e9s du chef de projet et des parties prenantes<\/span><\/li><li><span style=\"font-weight: 400;\">D\u00e9finir les objectifs, les livrables et les indicateurs de succ\u00e8s<\/span><span style=\"font-weight: 400;\"><br \/><\/span><span style=\"font-weight: 400;\">\u00c9laboration du planning (WBS, diagramme de Gantt, jalons)<\/span><\/li><li><span style=\"font-weight: 400;\">Gestion des risques, des ressources et du budget<\/span><\/li><li><span style=\"font-weight: 400;\">Suivi de l\u2019avancement et gestion des \u00e9carts<\/span><\/li><li><span style=\"font-weight: 400;\">Communication projet : outils, reporting, animation des r\u00e9unions<\/span><\/li><li><span style=\"font-weight: 400;\">Cl\u00f4ture et capitalisation<\/span><\/li><\/ul>\t\t\t\t\t\t\t\t<\/div>\n\t\t\t\t<\/div>\n\t\t\t\t<\/div>\n\t\t<div class=\"elementor-element elementor-element-6d671ce e-con-full e-flex e-con e-child\" data-id=\"6d671ce\" data-element_type=\"container\">\n\t\t\t\t<div class=\"elementor-element elementor-element-335e0b9 elementor-widget elementor-widget-text-editor\" data-id=\"335e0b9\" data-element_type=\"widget\" data-widget_type=\"text-editor.default\">\n\t\t\t\t<div class=\"elementor-widget-container\">\n\t\t\t\t\t\t\t\t\t<h4 style=\"text-align: center;\"><span style=\"color: #77c3af;\"><strong><b><span style=\"text-decoration: underline;\">Reporting et analyse de donn\u00e9es\u00a0<\/span><\/b><\/strong><\/span><\/h4><ul><li><span style=\"font-weight: 400;\">Comprendre les enjeux du reporting dans l\u2019entreprise<\/span><\/li><li><span style=\"font-weight: 400;\">Identifier les donn\u00e9es pertinentes selon les objectifs (KPI, sources, fr\u00e9quence)<\/span><\/li><li><span style=\"font-weight: 400;\">Structurer un reporting clair, lisible et orient\u00e9 d\u00e9cision<\/span><\/li><li><span style=\"font-weight: 400;\">Utiliser les principaux outils d\u2019analyse (tableaux crois\u00e9s dynamiques, filtres, fonctions Excel, Power BI, etc.)<\/span><\/li><li><span style=\"font-weight: 400;\">Visualisation des donn\u00e9es : graphiques, tableaux de bord, data storytelling<\/span><\/li><li><span style=\"font-weight: 400;\">Analyse des \u00e9carts, des tendances et des indicateurs de performance<\/span><span style=\"font-weight: 400;\"><br \/><\/span><span style=\"font-weight: 400;\">Automatiser les reportings pour un gain de temps et une fiabilit\u00e9 accrue<\/span><\/li><li><span style=\"font-weight: 400;\">Adapter la restitution aux diff\u00e9rents publics (op\u00e9rationnels, direction, clients<\/span><\/li><\/ul>\t\t\t\t\t\t\t\t<\/div>\n\t\t\t\t<\/div>\n\t\t\t\t<\/div>\n\t\t<div class=\"elementor-element elementor-element-5be4ba0 e-con-full e-flex e-con e-child\" data-id=\"5be4ba0\" data-element_type=\"container\">\n\t\t\t\t<\/div>\n\t\t<div class=\"elementor-element elementor-element-e479add e-con-full e-flex e-con e-child\" data-id=\"e479add\" data-element_type=\"container\">\n\t\t\t\t<\/div>\n\t\t\t\t<\/div>\n\t\t\t\t\t<\/div>\n\t\t\t\t<\/div>\n\t\t\t\t<\/div>\n\t\t","protected":false},"excerpt":{"rendered":"<p>COMP\u00c9TENCES STRAT\u00c9GIQUES &amp; FONCTIONS SUPPORT Objectif de la formation Renforcer la capacit\u00e9 des fonctions support \u00e0 contribuer activement \u00e0 la strat\u00e9gie de l\u2019entreprise, en d\u00e9veloppant une vision globale, des comp\u00e9tences d\u2019analyse, de pilotage, et de collaboration interfonctionnelle. \u00a0A l&rsquo;issue de la formation les participants seront en mesure de: \u00a0Comprendre les enjeux strat\u00e9giques de l\u2019organisation Positionner [&hellip;]<\/p>\n","protected":false},"author":2,"featured_media":0,"parent":0,"menu_order":0,"comment_status":"closed","ping_status":"closed","template":"","meta":{"ocean_post_layout":"","ocean_both_sidebars_style":"","ocean_both_sidebars_content_width":0,"ocean_both_sidebars_sidebars_width":0,"ocean_sidebar":"","ocean_second_sidebar":"","ocean_disable_margins":"enable","ocean_add_body_class":"","ocean_shortcode_before_top_bar":"","ocean_shortcode_after_top_bar":"","ocean_shortcode_before_header":"","ocean_shortcode_after_header":"","ocean_has_shortcode":"","ocean_shortcode_after_title":"","ocean_shortcode_before_footer_widgets":"","ocean_shortcode_after_footer_widgets":"","ocean_shortcode_before_footer_bottom":"","ocean_shortcode_after_footer_bottom":"","ocean_display_top_bar":"default","ocean_display_header":"default","ocean_header_style":"","ocean_center_header_left_menu":"","ocean_custom_header_template":"","ocean_custom_logo":0,"ocean_custom_retina_logo":0,"ocean_custom_logo_max_width":0,"ocean_custom_logo_tablet_max_width":0,"ocean_custom_logo_mobile_max_width":0,"ocean_custom_logo_max_height":0,"ocean_custom_logo_tablet_max_height":0,"ocean_custom_logo_mobile_max_height":0,"ocean_header_custom_menu":"","ocean_menu_typo_font_family":"","ocean_menu_typo_font_subset":"","ocean_menu_typo_font_size":0,"ocean_menu_typo_font_size_tablet":0,"ocean_menu_typo_font_size_mobile":0,"ocean_menu_typo_font_size_unit":"px","ocean_menu_typo_font_weight":"","ocean_menu_typo_font_weight_tablet":"","ocean_menu_typo_font_weight_mobile":"","ocean_menu_typo_transform":"","ocean_menu_typo_transform_tablet":"","ocean_menu_typo_transform_mobile":"","ocean_menu_typo_line_height":0,"ocean_menu_typo_line_height_tablet":0,"ocean_menu_typo_line_height_mobile":0,"ocean_menu_typo_line_height_unit":"","ocean_menu_typo_spacing":0,"ocean_menu_typo_spacing_tablet":0,"ocean_menu_typo_spacing_mobile":0,"ocean_menu_typo_spacing_unit":"","ocean_menu_link_color":"","ocean_menu_link_color_hover":"","ocean_menu_link_color_active":"","ocean_menu_link_background":"","ocean_menu_link_hover_background":"","ocean_menu_link_active_background":"","ocean_menu_social_links_bg":"","ocean_menu_social_hover_links_bg":"","ocean_menu_social_links_color":"","ocean_menu_social_hover_links_color":"","ocean_disable_title":"default","ocean_disable_heading":"default","ocean_post_title":"","ocean_post_subheading":"","ocean_post_title_style":"","ocean_post_title_background_color":"","ocean_post_title_background":0,"ocean_post_title_bg_image_position":"","ocean_post_title_bg_image_attachment":"","ocean_post_title_bg_image_repeat":"","ocean_post_title_bg_image_size":"","ocean_post_title_height":0,"ocean_post_title_bg_overlay":0.5,"ocean_post_title_bg_overlay_color":"","ocean_disable_breadcrumbs":"default","ocean_breadcrumbs_color":"","ocean_breadcrumbs_separator_color":"","ocean_breadcrumbs_links_color":"","ocean_breadcrumbs_links_hover_color":"","ocean_display_footer_widgets":"default","ocean_display_footer_bottom":"default","ocean_custom_footer_template":"","footnotes":""},"class_list":["post-289","page","type-page","status-publish","hentry","entry"],"yoast_head":"<!-- This site is optimized with the Yoast SEO plugin v25.3.1 - https:\/\/yoast.com\/wordpress\/plugins\/seo\/ -->\n<title>Renforcez vos comp\u00e9tences pour mieux piloter l\u2019action<\/title>\n<meta name=\"description\" content=\"Ce module est con\u00e7u pour les profils en charge de fonctions support (RH, finance, communication, logistique, etc.) et les porteurs de responsabilit\u00e9s strat\u00e9giques. Il permet d\u2019acqu\u00e9rir les outils et m\u00e9thodes essentiels \u00e0 une organisation performante et agile. Objectifs : \u2022 Comprendre les enjeux des fonctions support dans la strat\u00e9gie globale \u2022 Structurer les actions, analyser les donn\u00e9es, prendre des d\u00e9cisions \u00e9clair\u00e9es \u2022 Am\u00e9liorer la coordination, l\u2019impact et la gestion des ressources\" \/>\n<meta name=\"robots\" content=\"index, follow, max-snippet:-1, max-image-preview:large, max-video-preview:-1\" \/>\n<link rel=\"canonical\" href=\"https:\/\/jawad.sn\/index.php\/efficacite-personnel-et-communication\/\" \/>\n<meta property=\"og:locale\" content=\"fr_FR\" \/>\n<meta property=\"og:type\" content=\"article\" \/>\n<meta property=\"og:title\" content=\"Renforcez vos comp\u00e9tences pour mieux piloter l\u2019action\" \/>\n<meta property=\"og:description\" content=\"Ce module est con\u00e7u pour les profils en charge de fonctions support (RH, finance, communication, logistique, etc.) et les porteurs de responsabilit\u00e9s strat\u00e9giques. Il permet d\u2019acqu\u00e9rir les outils et m\u00e9thodes essentiels \u00e0 une organisation performante et agile. Objectifs : \u2022 Comprendre les enjeux des fonctions support dans la strat\u00e9gie globale \u2022 Structurer les actions, analyser les donn\u00e9es, prendre des d\u00e9cisions \u00e9clair\u00e9es \u2022 Am\u00e9liorer la coordination, l\u2019impact et la gestion des ressources\" \/>\n<meta property=\"og:url\" content=\"https:\/\/jawad.sn\/index.php\/efficacite-personnel-et-communication\/\" \/>\n<meta property=\"og:site_name\" content=\"jawad\" \/>\n<meta property=\"article:modified_time\" content=\"2025-06-26T14:49:27+00:00\" \/>\n<meta name=\"twitter:card\" content=\"summary_large_image\" \/>\n<meta name=\"twitter:label1\" content=\"Dur\u00e9e de lecture estim\u00e9e\" \/>\n\t<meta name=\"twitter:data1\" content=\"3 minutes\" \/>\n<script type=\"application\/ld+json\" class=\"yoast-schema-graph\">{\"@context\":\"https:\/\/schema.org\",\"@graph\":[{\"@type\":\"WebPage\",\"@id\":\"https:\/\/jawad.sn\/index.php\/efficacite-personnel-et-communication\/\",\"url\":\"https:\/\/jawad.sn\/index.php\/efficacite-personnel-et-communication\/\",\"name\":\"Renforcez vos comp\u00e9tences pour mieux piloter l\u2019action\",\"isPartOf\":{\"@id\":\"https:\/\/jawad.sn\/#website\"},\"datePublished\":\"2025-05-20T16:45:35+00:00\",\"dateModified\":\"2025-06-26T14:49:27+00:00\",\"description\":\"Ce module est con\u00e7u pour les profils en charge de fonctions support (RH, finance, communication, logistique, etc.) et les porteurs de responsabilit\u00e9s strat\u00e9giques. Il permet d\u2019acqu\u00e9rir les outils et m\u00e9thodes essentiels \u00e0 une organisation performante et agile. Objectifs : \u2022 Comprendre les enjeux des fonctions support dans la strat\u00e9gie globale \u2022 Structurer les actions, analyser les donn\u00e9es, prendre des d\u00e9cisions \u00e9clair\u00e9es \u2022 Am\u00e9liorer la coordination, l\u2019impact et la gestion des ressources\",\"breadcrumb\":{\"@id\":\"https:\/\/jawad.sn\/index.php\/efficacite-personnel-et-communication\/#breadcrumb\"},\"inLanguage\":\"fr-FR\",\"potentialAction\":[{\"@type\":\"ReadAction\",\"target\":[\"https:\/\/jawad.sn\/index.php\/efficacite-personnel-et-communication\/\"]}]},{\"@type\":\"BreadcrumbList\",\"@id\":\"https:\/\/jawad.sn\/index.php\/efficacite-personnel-et-communication\/#breadcrumb\",\"itemListElement\":[{\"@type\":\"ListItem\",\"position\":1,\"name\":\"Accueil\",\"item\":\"https:\/\/jawad.sn\/\"},{\"@type\":\"ListItem\",\"position\":2,\"name\":\"\u00a0COMP\u00c9TENCES STRAT\u00c9GIQUES &amp; FONCTIONS SUPPORT\"}]},{\"@type\":\"WebSite\",\"@id\":\"https:\/\/jawad.sn\/#website\",\"url\":\"https:\/\/jawad.sn\/\",\"name\":\"jawad\",\"description\":\"Chaque comp\u00e9tence compte, chaque parcours m\u00e9rite l\u2019essor\",\"publisher\":{\"@id\":\"https:\/\/jawad.sn\/#organization\"},\"potentialAction\":[{\"@type\":\"SearchAction\",\"target\":{\"@type\":\"EntryPoint\",\"urlTemplate\":\"https:\/\/jawad.sn\/?s={search_term_string}\"},\"query-input\":{\"@type\":\"PropertyValueSpecification\",\"valueRequired\":true,\"valueName\":\"search_term_string\"}}],\"inLanguage\":\"fr-FR\"},{\"@type\":\"Organization\",\"@id\":\"https:\/\/jawad.sn\/#organization\",\"name\":\"jawad\",\"url\":\"https:\/\/jawad.sn\/\",\"logo\":{\"@type\":\"ImageObject\",\"inLanguage\":\"fr-FR\",\"@id\":\"https:\/\/jawad.sn\/#\/schema\/logo\/image\/\",\"url\":\"https:\/\/jawad.sn\/wp-content\/uploads\/2025\/05\/photo_2025-05-22_12-44-57-removebg-preview.png\",\"contentUrl\":\"https:\/\/jawad.sn\/wp-content\/uploads\/2025\/05\/photo_2025-05-22_12-44-57-removebg-preview.png\",\"width\":666,\"height\":375,\"caption\":\"jawad\"},\"image\":{\"@id\":\"https:\/\/jawad.sn\/#\/schema\/logo\/image\/\"}}]}<\/script>\n<!-- \/ Yoast SEO plugin. -->","yoast_head_json":{"title":"Renforcez vos comp\u00e9tences pour mieux piloter l\u2019action","description":"Ce module est con\u00e7u pour les profils en charge de fonctions support (RH, finance, communication, logistique, etc.) et les porteurs de responsabilit\u00e9s strat\u00e9giques. Il permet d\u2019acqu\u00e9rir les outils et m\u00e9thodes essentiels \u00e0 une organisation performante et agile. Objectifs : \u2022 Comprendre les enjeux des fonctions support dans la strat\u00e9gie globale \u2022 Structurer les actions, analyser les donn\u00e9es, prendre des d\u00e9cisions \u00e9clair\u00e9es \u2022 Am\u00e9liorer la coordination, l\u2019impact et la gestion des ressources","robots":{"index":"index","follow":"follow","max-snippet":"max-snippet:-1","max-image-preview":"max-image-preview:large","max-video-preview":"max-video-preview:-1"},"canonical":"https:\/\/jawad.sn\/index.php\/efficacite-personnel-et-communication\/","og_locale":"fr_FR","og_type":"article","og_title":"Renforcez vos comp\u00e9tences pour mieux piloter l\u2019action","og_description":"Ce module est con\u00e7u pour les profils en charge de fonctions support (RH, finance, communication, logistique, etc.) et les porteurs de responsabilit\u00e9s strat\u00e9giques. Il permet d\u2019acqu\u00e9rir les outils et m\u00e9thodes essentiels \u00e0 une organisation performante et agile. Objectifs : \u2022 Comprendre les enjeux des fonctions support dans la strat\u00e9gie globale \u2022 Structurer les actions, analyser les donn\u00e9es, prendre des d\u00e9cisions \u00e9clair\u00e9es \u2022 Am\u00e9liorer la coordination, l\u2019impact et la gestion des ressources","og_url":"https:\/\/jawad.sn\/index.php\/efficacite-personnel-et-communication\/","og_site_name":"jawad","article_modified_time":"2025-06-26T14:49:27+00:00","twitter_card":"summary_large_image","twitter_misc":{"Dur\u00e9e de lecture estim\u00e9e":"3 minutes"},"schema":{"@context":"https:\/\/schema.org","@graph":[{"@type":"WebPage","@id":"https:\/\/jawad.sn\/index.php\/efficacite-personnel-et-communication\/","url":"https:\/\/jawad.sn\/index.php\/efficacite-personnel-et-communication\/","name":"Renforcez vos comp\u00e9tences pour mieux piloter l\u2019action","isPartOf":{"@id":"https:\/\/jawad.sn\/#website"},"datePublished":"2025-05-20T16:45:35+00:00","dateModified":"2025-06-26T14:49:27+00:00","description":"Ce module est con\u00e7u pour les profils en charge de fonctions support (RH, finance, communication, logistique, etc.) et les porteurs de responsabilit\u00e9s strat\u00e9giques. Il permet d\u2019acqu\u00e9rir les outils et m\u00e9thodes essentiels \u00e0 une organisation performante et agile. Objectifs : \u2022 Comprendre les enjeux des fonctions support dans la strat\u00e9gie globale \u2022 Structurer les actions, analyser les donn\u00e9es, prendre des d\u00e9cisions \u00e9clair\u00e9es \u2022 Am\u00e9liorer la coordination, l\u2019impact et la gestion des ressources","breadcrumb":{"@id":"https:\/\/jawad.sn\/index.php\/efficacite-personnel-et-communication\/#breadcrumb"},"inLanguage":"fr-FR","potentialAction":[{"@type":"ReadAction","target":["https:\/\/jawad.sn\/index.php\/efficacite-personnel-et-communication\/"]}]},{"@type":"BreadcrumbList","@id":"https:\/\/jawad.sn\/index.php\/efficacite-personnel-et-communication\/#breadcrumb","itemListElement":[{"@type":"ListItem","position":1,"name":"Accueil","item":"https:\/\/jawad.sn\/"},{"@type":"ListItem","position":2,"name":"\u00a0COMP\u00c9TENCES STRAT\u00c9GIQUES &amp; FONCTIONS SUPPORT"}]},{"@type":"WebSite","@id":"https:\/\/jawad.sn\/#website","url":"https:\/\/jawad.sn\/","name":"jawad","description":"Chaque comp\u00e9tence compte, chaque parcours m\u00e9rite l\u2019essor","publisher":{"@id":"https:\/\/jawad.sn\/#organization"},"potentialAction":[{"@type":"SearchAction","target":{"@type":"EntryPoint","urlTemplate":"https:\/\/jawad.sn\/?s={search_term_string}"},"query-input":{"@type":"PropertyValueSpecification","valueRequired":true,"valueName":"search_term_string"}}],"inLanguage":"fr-FR"},{"@type":"Organization","@id":"https:\/\/jawad.sn\/#organization","name":"jawad","url":"https:\/\/jawad.sn\/","logo":{"@type":"ImageObject","inLanguage":"fr-FR","@id":"https:\/\/jawad.sn\/#\/schema\/logo\/image\/","url":"https:\/\/jawad.sn\/wp-content\/uploads\/2025\/05\/photo_2025-05-22_12-44-57-removebg-preview.png","contentUrl":"https:\/\/jawad.sn\/wp-content\/uploads\/2025\/05\/photo_2025-05-22_12-44-57-removebg-preview.png","width":666,"height":375,"caption":"jawad"},"image":{"@id":"https:\/\/jawad.sn\/#\/schema\/logo\/image\/"}}]}},"_links":{"self":[{"href":"https:\/\/jawad.sn\/index.php\/wp-json\/wp\/v2\/pages\/289","targetHints":{"allow":["GET"]}}],"collection":[{"href":"https:\/\/jawad.sn\/index.php\/wp-json\/wp\/v2\/pages"}],"about":[{"href":"https:\/\/jawad.sn\/index.php\/wp-json\/wp\/v2\/types\/page"}],"author":[{"embeddable":true,"href":"https:\/\/jawad.sn\/index.php\/wp-json\/wp\/v2\/users\/2"}],"replies":[{"embeddable":true,"href":"https:\/\/jawad.sn\/index.php\/wp-json\/wp\/v2\/comments?post=289"}],"version-history":[{"count":14,"href":"https:\/\/jawad.sn\/index.php\/wp-json\/wp\/v2\/pages\/289\/revisions"}],"predecessor-version":[{"id":818,"href":"https:\/\/jawad.sn\/index.php\/wp-json\/wp\/v2\/pages\/289\/revisions\/818"}],"wp:attachment":[{"href":"https:\/\/jawad.sn\/index.php\/wp-json\/wp\/v2\/media?parent=289"}],"curies":[{"name":"wp","href":"https:\/\/api.w.org\/{rel}","templated":true}]}}