{"id":261,"date":"2025-05-20T16:00:01","date_gmt":"2025-05-20T16:00:01","guid":{"rendered":"https:\/\/jawad.sn\/?page_id=261"},"modified":"2025-06-26T14:52:54","modified_gmt":"2025-06-26T14:52:54","slug":"formations-sur-mesure-intra-entreprise","status":"publish","type":"page","link":"https:\/\/jawad.sn\/index.php\/formations-sur-mesure-intra-entreprise\/","title":{"rendered":"FORMATIONS SUR MESURE (INTRA-ENTREPRISE)"},"content":{"rendered":"\t\t<div data-elementor-type=\"wp-page\" data-elementor-id=\"261\" class=\"elementor elementor-261\" data-elementor-post-type=\"page\">\n\t\t\t\t<div class=\"elementor-element elementor-element-0d526b5 e-flex e-con-boxed e-con e-parent\" data-id=\"0d526b5\" data-element_type=\"container\">\n\t\t\t\t\t<div class=\"e-con-inner\">\n\t\t<div class=\"elementor-element elementor-element-15e29d4 e-con-full e-flex e-con e-child\" data-id=\"15e29d4\" data-element_type=\"container\">\n\t\t\t\t<div class=\"elementor-element elementor-element-3166a44 elementor-widget elementor-widget-heading\" data-id=\"3166a44\" data-element_type=\"widget\" data-widget_type=\"heading.default\">\n\t\t\t\t<div class=\"elementor-widget-container\">\n\t\t\t\t\t<h2 class=\"elementor-heading-title elementor-size-default\">FORMATIONS SUR MESURE \n(INTRA-ENTREPRISE)<\/h2>\t\t\t\t<\/div>\n\t\t\t\t<\/div>\n\t\t\t\t<\/div>\n\t\t<div class=\"elementor-element elementor-element-9d4c570 e-con-full e-flex e-con e-child\" data-id=\"9d4c570\" data-element_type=\"container\">\n\t\t<div class=\"elementor-element elementor-element-9577704 e-con-full e-flex e-con e-child\" data-id=\"9577704\" data-element_type=\"container\">\n\t\t<div class=\"elementor-element elementor-element-b10b537 e-grid e-con-full e-con e-child\" data-id=\"b10b537\" data-element_type=\"container\">\n\t\t\t\t<div class=\"elementor-element elementor-element-638f488 elementor-widget elementor-widget-text-editor\" data-id=\"638f488\" data-element_type=\"widget\" data-widget_type=\"text-editor.default\">\n\t\t\t\t<div class=\"elementor-widget-container\">\n\t\t\t\t\t\t\t\t\t<p><em><b>Objectif\u00a0<\/b><\/em><\/p><p><span style=\"font-weight: 400;\">Concevoir et dispenser une formation adapt\u00e9e\u00a0 aux besoins, enjeux et sp\u00e9cificit\u00e9s d\u2019une entreprise afin de d\u00e9velopper les comp\u00e9tences de ses collaborateurs de mani\u00e8re cibl\u00e9e, op\u00e9rationnelle et imm\u00e9diatement applicable.<\/span><\/p>\t\t\t\t\t\t\t\t<\/div>\n\t\t\t\t<\/div>\n\t\t\t\t<div class=\"elementor-element elementor-element-3458fbc elementor-widget elementor-widget-text-editor\" data-id=\"3458fbc\" data-element_type=\"widget\" data-widget_type=\"text-editor.default\">\n\t\t\t\t<div class=\"elementor-widget-container\">\n\t\t\t\t\t\t\t\t\t<p><em><b>Contenu de la formation<\/b><\/em><\/p><ul><li style=\"list-style-type: none;\"><ul><li style=\"font-weight: 400;\" aria-level=\"1\"><span style=\"font-weight: 400;\">Audit de besoin et diagnostic de comp\u00e9tences<\/span><\/li><li style=\"font-weight: 400;\" aria-level=\"1\"><span style=\"font-weight: 400;\">Conception p\u00e9dagogique sur mesure<\/span><\/li><li style=\"font-weight: 400;\" aria-level=\"1\"><span style=\"font-weight: 400;\">Animation sur site ou \u00e0 distance<\/span><\/li><li style=\"font-weight: 400;\" aria-level=\"1\"><span style=\"font-weight: 400;\">Suivi post-formation et \u00e9valuation d\u2019impact<\/span><\/li><\/ul><\/li><\/ul>\t\t\t\t\t\t\t\t<\/div>\n\t\t\t\t<\/div>\n\t\t\t\t<\/div>\n\t\t\t\t<\/div>\n\t\t<div class=\"elementor-element elementor-element-4bd49e3 e-con-full e-flex e-con e-child\" data-id=\"4bd49e3\" data-element_type=\"container\">\n\t\t\t\t<div class=\"elementor-element elementor-element-5b698e4 elementor-widget elementor-widget-text-editor\" data-id=\"5b698e4\" data-element_type=\"widget\" data-widget_type=\"text-editor.default\">\n\t\t\t\t<div class=\"elementor-widget-container\">\n\t\t\t\t\t\t\t\t\t<p><em><b>Public cible<\/b><span style=\"font-weight: 400;\">\u00a0<\/span><\/em><\/p><ul><li style=\"list-style-type: none;\"><ul><li style=\"font-weight: 400;\" aria-level=\"1\"><span style=\"font-weight: 400;\">Entreprise priv\u00e9e, publique<\/span><\/li><li style=\"font-weight: 400;\" aria-level=\"1\"><span style=\"font-weight: 400;\">ONG<\/span><\/li><li style=\"font-weight: 400;\" aria-level=\"1\"><span style=\"font-weight: 400;\">PME, TPE\u00a0<\/span><\/li><\/ul><\/li><\/ul>\t\t\t\t\t\t\t\t<\/div>\n\t\t\t\t<\/div>\n\t\t\t\t<\/div>\n\t\t\t\t<\/div>\n\t\t\t\t\t<\/div>\n\t\t\t\t<\/div>\n\t\t\t\t<\/div>\n\t\t","protected":false},"excerpt":{"rendered":"<p>FORMATIONS SUR MESURE (INTRA-ENTREPRISE) Objectif\u00a0 Concevoir et dispenser une formation adapt\u00e9e\u00a0 aux besoins, enjeux et sp\u00e9cificit\u00e9s d\u2019une entreprise afin de d\u00e9velopper les comp\u00e9tences de ses collaborateurs de mani\u00e8re cibl\u00e9e, op\u00e9rationnelle et imm\u00e9diatement applicable. Contenu de la formation Audit de besoin et diagnostic de comp\u00e9tences Conception p\u00e9dagogique sur mesure Animation sur site ou \u00e0 distance Suivi [&hellip;]<\/p>\n","protected":false},"author":2,"featured_media":0,"parent":0,"menu_order":0,"comment_status":"closed","ping_status":"closed","template":"","meta":{"ocean_post_layout":"","ocean_both_sidebars_style":"","ocean_both_sidebars_content_width":0,"ocean_both_sidebars_sidebars_width":0,"ocean_sidebar":"","ocean_second_sidebar":"","ocean_disable_margins":"enable","ocean_add_body_class":"","ocean_shortcode_before_top_bar":"","ocean_shortcode_after_top_bar":"","ocean_shortcode_before_header":"","ocean_shortcode_after_header":"","ocean_has_shortcode":"","ocean_shortcode_after_title":"","ocean_shortcode_before_footer_widgets":"","ocean_shortcode_after_footer_widgets":"","ocean_shortcode_before_footer_bottom":"","ocean_shortcode_after_footer_bottom":"","ocean_display_top_bar":"default","ocean_display_header":"default","ocean_header_style":"","ocean_center_header_left_menu":"","ocean_custom_header_template":"","ocean_custom_logo":0,"ocean_custom_retina_logo":0,"ocean_custom_logo_max_width":0,"ocean_custom_logo_tablet_max_width":0,"ocean_custom_logo_mobile_max_width":0,"ocean_custom_logo_max_height":0,"ocean_custom_logo_tablet_max_height":0,"ocean_custom_logo_mobile_max_height":0,"ocean_header_custom_menu":"","ocean_menu_typo_font_family":"","ocean_menu_typo_font_subset":"","ocean_menu_typo_font_size":0,"ocean_menu_typo_font_size_tablet":0,"ocean_menu_typo_font_size_mobile":0,"ocean_menu_typo_font_size_unit":"px","ocean_menu_typo_font_weight":"","ocean_menu_typo_font_weight_tablet":"","ocean_menu_typo_font_weight_mobile":"","ocean_menu_typo_transform":"","ocean_menu_typo_transform_tablet":"","ocean_menu_typo_transform_mobile":"","ocean_menu_typo_line_height":0,"ocean_menu_typo_line_height_tablet":0,"ocean_menu_typo_line_height_mobile":0,"ocean_menu_typo_line_height_unit":"","ocean_menu_typo_spacing":0,"ocean_menu_typo_spacing_tablet":0,"ocean_menu_typo_spacing_mobile":0,"ocean_menu_typo_spacing_unit":"","ocean_menu_link_color":"","ocean_menu_link_color_hover":"","ocean_menu_link_color_active":"","ocean_menu_link_background":"","ocean_menu_link_hover_background":"","ocean_menu_link_active_background":"","ocean_menu_social_links_bg":"","ocean_menu_social_hover_links_bg":"","ocean_menu_social_links_color":"","ocean_menu_social_hover_links_color":"","ocean_disable_title":"default","ocean_disable_heading":"default","ocean_post_title":"","ocean_post_subheading":"","ocean_post_title_style":"","ocean_post_title_background_color":"","ocean_post_title_background":0,"ocean_post_title_bg_image_position":"","ocean_post_title_bg_image_attachment":"","ocean_post_title_bg_image_repeat":"","ocean_post_title_bg_image_size":"","ocean_post_title_height":0,"ocean_post_title_bg_overlay":0.5,"ocean_post_title_bg_overlay_color":"","ocean_disable_breadcrumbs":"default","ocean_breadcrumbs_color":"","ocean_breadcrumbs_separator_color":"","ocean_breadcrumbs_links_color":"","ocean_breadcrumbs_links_hover_color":"","ocean_display_footer_widgets":"default","ocean_display_footer_bottom":"default","ocean_custom_footer_template":"","footnotes":""},"class_list":["post-261","page","type-page","status-publish","hentry","entry"],"yoast_head":"<!-- This site is optimized with the Yoast SEO plugin v25.3.1 - https:\/\/yoast.com\/wordpress\/plugins\/seo\/ -->\n<title>Des formations con\u00e7ues pour vos besoins sp\u00e9cifiques<\/title>\n<meta name=\"description\" content=\"Chez JAWAD, nous croyons qu\u2019aucune entreprise ne se ressemble. C\u2019est pourquoi nous vous proposons des formations sur mesure, pens\u00e9es pour r\u00e9pondre aux enjeux, aux objectifs et \u00e0 la culture de votre structure. Ce que nous vous offrons : \u2022 Une analyse de vos besoins et de vos \u00e9quipes \u2022 Des contenus adapt\u00e9s \u00e0 vos r\u00e9alit\u00e9s de terrain \u2022 Une p\u00e9dagogie flexible, engageante et impactante \u2022 Des formateurs experts \u00e0 votre \u00e9coute\" \/>\n<meta name=\"robots\" content=\"index, follow, max-snippet:-1, max-image-preview:large, max-video-preview:-1\" \/>\n<link rel=\"canonical\" href=\"https:\/\/jawad.sn\/index.php\/formations-sur-mesure-intra-entreprise\/\" \/>\n<meta property=\"og:locale\" content=\"fr_FR\" \/>\n<meta property=\"og:type\" content=\"article\" \/>\n<meta property=\"og:title\" content=\"Des formations con\u00e7ues pour vos besoins sp\u00e9cifiques\" \/>\n<meta property=\"og:description\" content=\"Chez JAWAD, nous croyons qu\u2019aucune entreprise ne se ressemble. C\u2019est pourquoi nous vous proposons des formations sur mesure, pens\u00e9es pour r\u00e9pondre aux enjeux, aux objectifs et \u00e0 la culture de votre structure. Ce que nous vous offrons : \u2022 Une analyse de vos besoins et de vos \u00e9quipes \u2022 Des contenus adapt\u00e9s \u00e0 vos r\u00e9alit\u00e9s de terrain \u2022 Une p\u00e9dagogie flexible, engageante et impactante \u2022 Des formateurs experts \u00e0 votre \u00e9coute\" \/>\n<meta property=\"og:url\" content=\"https:\/\/jawad.sn\/index.php\/formations-sur-mesure-intra-entreprise\/\" \/>\n<meta property=\"og:site_name\" content=\"jawad\" \/>\n<meta property=\"article:modified_time\" content=\"2025-06-26T14:52:54+00:00\" \/>\n<meta name=\"twitter:card\" content=\"summary_large_image\" \/>\n<meta name=\"twitter:label1\" content=\"Dur\u00e9e de lecture estim\u00e9e\" \/>\n\t<meta name=\"twitter:data1\" content=\"1 minute\" \/>\n<script type=\"application\/ld+json\" class=\"yoast-schema-graph\">{\"@context\":\"https:\/\/schema.org\",\"@graph\":[{\"@type\":\"WebPage\",\"@id\":\"https:\/\/jawad.sn\/index.php\/formations-sur-mesure-intra-entreprise\/\",\"url\":\"https:\/\/jawad.sn\/index.php\/formations-sur-mesure-intra-entreprise\/\",\"name\":\"Des formations con\u00e7ues pour vos besoins sp\u00e9cifiques\",\"isPartOf\":{\"@id\":\"https:\/\/jawad.sn\/#website\"},\"datePublished\":\"2025-05-20T16:00:01+00:00\",\"dateModified\":\"2025-06-26T14:52:54+00:00\",\"description\":\"Chez JAWAD, nous croyons qu\u2019aucune entreprise ne se ressemble. C\u2019est pourquoi nous vous proposons des formations sur mesure, pens\u00e9es pour r\u00e9pondre aux enjeux, aux objectifs et \u00e0 la culture de votre structure. Ce que nous vous offrons : \u2022 Une analyse de vos besoins et de vos \u00e9quipes \u2022 Des contenus adapt\u00e9s \u00e0 vos r\u00e9alit\u00e9s de terrain \u2022 Une p\u00e9dagogie flexible, engageante et impactante \u2022 Des formateurs experts \u00e0 votre \u00e9coute\",\"breadcrumb\":{\"@id\":\"https:\/\/jawad.sn\/index.php\/formations-sur-mesure-intra-entreprise\/#breadcrumb\"},\"inLanguage\":\"fr-FR\",\"potentialAction\":[{\"@type\":\"ReadAction\",\"target\":[\"https:\/\/jawad.sn\/index.php\/formations-sur-mesure-intra-entreprise\/\"]}]},{\"@type\":\"BreadcrumbList\",\"@id\":\"https:\/\/jawad.sn\/index.php\/formations-sur-mesure-intra-entreprise\/#breadcrumb\",\"itemListElement\":[{\"@type\":\"ListItem\",\"position\":1,\"name\":\"Accueil\",\"item\":\"https:\/\/jawad.sn\/\"},{\"@type\":\"ListItem\",\"position\":2,\"name\":\"FORMATIONS SUR MESURE (INTRA-ENTREPRISE)\"}]},{\"@type\":\"WebSite\",\"@id\":\"https:\/\/jawad.sn\/#website\",\"url\":\"https:\/\/jawad.sn\/\",\"name\":\"jawad\",\"description\":\"Chaque comp\u00e9tence compte, chaque parcours m\u00e9rite l\u2019essor\",\"publisher\":{\"@id\":\"https:\/\/jawad.sn\/#organization\"},\"potentialAction\":[{\"@type\":\"SearchAction\",\"target\":{\"@type\":\"EntryPoint\",\"urlTemplate\":\"https:\/\/jawad.sn\/?s={search_term_string}\"},\"query-input\":{\"@type\":\"PropertyValueSpecification\",\"valueRequired\":true,\"valueName\":\"search_term_string\"}}],\"inLanguage\":\"fr-FR\"},{\"@type\":\"Organization\",\"@id\":\"https:\/\/jawad.sn\/#organization\",\"name\":\"jawad\",\"url\":\"https:\/\/jawad.sn\/\",\"logo\":{\"@type\":\"ImageObject\",\"inLanguage\":\"fr-FR\",\"@id\":\"https:\/\/jawad.sn\/#\/schema\/logo\/image\/\",\"url\":\"https:\/\/jawad.sn\/wp-content\/uploads\/2025\/05\/photo_2025-05-22_12-44-57-removebg-preview.png\",\"contentUrl\":\"https:\/\/jawad.sn\/wp-content\/uploads\/2025\/05\/photo_2025-05-22_12-44-57-removebg-preview.png\",\"width\":666,\"height\":375,\"caption\":\"jawad\"},\"image\":{\"@id\":\"https:\/\/jawad.sn\/#\/schema\/logo\/image\/\"}}]}<\/script>\n<!-- \/ Yoast SEO plugin. -->","yoast_head_json":{"title":"Des formations con\u00e7ues pour vos besoins sp\u00e9cifiques","description":"Chez JAWAD, nous croyons qu\u2019aucune entreprise ne se ressemble. C\u2019est pourquoi nous vous proposons des formations sur mesure, pens\u00e9es pour r\u00e9pondre aux enjeux, aux objectifs et \u00e0 la culture de votre structure. Ce que nous vous offrons : \u2022 Une analyse de vos besoins et de vos \u00e9quipes \u2022 Des contenus adapt\u00e9s \u00e0 vos r\u00e9alit\u00e9s de terrain \u2022 Une p\u00e9dagogie flexible, engageante et impactante \u2022 Des formateurs experts \u00e0 votre \u00e9coute","robots":{"index":"index","follow":"follow","max-snippet":"max-snippet:-1","max-image-preview":"max-image-preview:large","max-video-preview":"max-video-preview:-1"},"canonical":"https:\/\/jawad.sn\/index.php\/formations-sur-mesure-intra-entreprise\/","og_locale":"fr_FR","og_type":"article","og_title":"Des formations con\u00e7ues pour vos besoins sp\u00e9cifiques","og_description":"Chez JAWAD, nous croyons qu\u2019aucune entreprise ne se ressemble. C\u2019est pourquoi nous vous proposons des formations sur mesure, pens\u00e9es pour r\u00e9pondre aux enjeux, aux objectifs et \u00e0 la culture de votre structure. Ce que nous vous offrons : \u2022 Une analyse de vos besoins et de vos \u00e9quipes \u2022 Des contenus adapt\u00e9s \u00e0 vos r\u00e9alit\u00e9s de terrain \u2022 Une p\u00e9dagogie flexible, engageante et impactante \u2022 Des formateurs experts \u00e0 votre \u00e9coute","og_url":"https:\/\/jawad.sn\/index.php\/formations-sur-mesure-intra-entreprise\/","og_site_name":"jawad","article_modified_time":"2025-06-26T14:52:54+00:00","twitter_card":"summary_large_image","twitter_misc":{"Dur\u00e9e de lecture estim\u00e9e":"1 minute"},"schema":{"@context":"https:\/\/schema.org","@graph":[{"@type":"WebPage","@id":"https:\/\/jawad.sn\/index.php\/formations-sur-mesure-intra-entreprise\/","url":"https:\/\/jawad.sn\/index.php\/formations-sur-mesure-intra-entreprise\/","name":"Des formations con\u00e7ues pour vos besoins sp\u00e9cifiques","isPartOf":{"@id":"https:\/\/jawad.sn\/#website"},"datePublished":"2025-05-20T16:00:01+00:00","dateModified":"2025-06-26T14:52:54+00:00","description":"Chez JAWAD, nous croyons qu\u2019aucune entreprise ne se ressemble. C\u2019est pourquoi nous vous proposons des formations sur mesure, pens\u00e9es pour r\u00e9pondre aux enjeux, aux objectifs et \u00e0 la culture de votre structure. Ce que nous vous offrons : \u2022 Une analyse de vos besoins et de vos \u00e9quipes \u2022 Des contenus adapt\u00e9s \u00e0 vos r\u00e9alit\u00e9s de terrain \u2022 Une p\u00e9dagogie flexible, engageante et impactante \u2022 Des formateurs experts \u00e0 votre \u00e9coute","breadcrumb":{"@id":"https:\/\/jawad.sn\/index.php\/formations-sur-mesure-intra-entreprise\/#breadcrumb"},"inLanguage":"fr-FR","potentialAction":[{"@type":"ReadAction","target":["https:\/\/jawad.sn\/index.php\/formations-sur-mesure-intra-entreprise\/"]}]},{"@type":"BreadcrumbList","@id":"https:\/\/jawad.sn\/index.php\/formations-sur-mesure-intra-entreprise\/#breadcrumb","itemListElement":[{"@type":"ListItem","position":1,"name":"Accueil","item":"https:\/\/jawad.sn\/"},{"@type":"ListItem","position":2,"name":"FORMATIONS SUR MESURE (INTRA-ENTREPRISE)"}]},{"@type":"WebSite","@id":"https:\/\/jawad.sn\/#website","url":"https:\/\/jawad.sn\/","name":"jawad","description":"Chaque comp\u00e9tence compte, chaque parcours m\u00e9rite l\u2019essor","publisher":{"@id":"https:\/\/jawad.sn\/#organization"},"potentialAction":[{"@type":"SearchAction","target":{"@type":"EntryPoint","urlTemplate":"https:\/\/jawad.sn\/?s={search_term_string}"},"query-input":{"@type":"PropertyValueSpecification","valueRequired":true,"valueName":"search_term_string"}}],"inLanguage":"fr-FR"},{"@type":"Organization","@id":"https:\/\/jawad.sn\/#organization","name":"jawad","url":"https:\/\/jawad.sn\/","logo":{"@type":"ImageObject","inLanguage":"fr-FR","@id":"https:\/\/jawad.sn\/#\/schema\/logo\/image\/","url":"https:\/\/jawad.sn\/wp-content\/uploads\/2025\/05\/photo_2025-05-22_12-44-57-removebg-preview.png","contentUrl":"https:\/\/jawad.sn\/wp-content\/uploads\/2025\/05\/photo_2025-05-22_12-44-57-removebg-preview.png","width":666,"height":375,"caption":"jawad"},"image":{"@id":"https:\/\/jawad.sn\/#\/schema\/logo\/image\/"}}]}},"_links":{"self":[{"href":"https:\/\/jawad.sn\/index.php\/wp-json\/wp\/v2\/pages\/261","targetHints":{"allow":["GET"]}}],"collection":[{"href":"https:\/\/jawad.sn\/index.php\/wp-json\/wp\/v2\/pages"}],"about":[{"href":"https:\/\/jawad.sn\/index.php\/wp-json\/wp\/v2\/types\/page"}],"author":[{"embeddable":true,"href":"https:\/\/jawad.sn\/index.php\/wp-json\/wp\/v2\/users\/2"}],"replies":[{"embeddable":true,"href":"https:\/\/jawad.sn\/index.php\/wp-json\/wp\/v2\/comments?post=261"}],"version-history":[{"count":7,"href":"https:\/\/jawad.sn\/index.php\/wp-json\/wp\/v2\/pages\/261\/revisions"}],"predecessor-version":[{"id":767,"href":"https:\/\/jawad.sn\/index.php\/wp-json\/wp\/v2\/pages\/261\/revisions\/767"}],"wp:attachment":[{"href":"https:\/\/jawad.sn\/index.php\/wp-json\/wp\/v2\/media?parent=261"}],"curies":[{"name":"wp","href":"https:\/\/api.w.org\/{rel}","templated":true}]}}