{"id":252,"date":"2025-05-20T15:46:12","date_gmt":"2025-05-20T15:46:12","guid":{"rendered":"https:\/\/jawad.sn\/?page_id=252"},"modified":"2025-06-26T15:10:39","modified_gmt":"2025-06-26T15:10:39","slug":"team-building-et-retraite-strategique","status":"publish","type":"page","link":"https:\/\/jawad.sn\/index.php\/team-building-et-retraite-strategique\/","title":{"rendered":"TEAM BUILDING ET RETRAITE STRAT\u00c9GIQUE"},"content":{"rendered":"\t\t<div data-elementor-type=\"wp-page\" data-elementor-id=\"252\" class=\"elementor elementor-252\" data-elementor-post-type=\"page\">\n\t\t\t\t<div class=\"elementor-element elementor-element-2857b2b e-flex e-con-boxed e-con e-parent\" data-id=\"2857b2b\" data-element_type=\"container\">\n\t\t\t\t\t<div class=\"e-con-inner\">\n\t\t\t\t<div class=\"elementor-element elementor-element-aa2bcae elementor-widget elementor-widget-heading\" data-id=\"aa2bcae\" data-element_type=\"widget\" data-widget_type=\"heading.default\">\n\t\t\t\t<div class=\"elementor-widget-container\">\n\t\t\t\t\t<h2 class=\"elementor-heading-title elementor-size-default\">TEAM BUILDING ET RETRAITE STRAT\u00c9GIQUE<\/h2>\t\t\t\t<\/div>\n\t\t\t\t<\/div>\n\t\t\t\t\t<\/div>\n\t\t\t\t<\/div>\n\t\t<div class=\"elementor-element elementor-element-634f76c e-flex e-con-boxed e-con e-parent\" data-id=\"634f76c\" data-element_type=\"container\">\n\t\t\t\t\t<div class=\"e-con-inner\">\n\t\t\t\t<div class=\"elementor-element elementor-element-152bde6 elementor-widget elementor-widget-text-editor\" data-id=\"152bde6\" data-element_type=\"widget\" data-widget_type=\"text-editor.default\">\n\t\t\t\t<div class=\"elementor-widget-container\">\n\t\t\t\t\t\t\t\t\t<p><span style=\"color: #77c3af;\"><em><b>Objectif de la formation\u00a0<\/b><\/em><\/span><\/p><p><span style=\"font-weight: 400;\">L\u2019objectif g\u00e9n\u00e9ral de cette formation est de renforcer la coh\u00e9sion d\u2019\u00e9quipe, am\u00e9liorer la communication entre les collaborateurs, et d\u00e9velopper un esprit de collaboration efficace. \u00c0 travers des activit\u00e9s pratiques, des mises en situation ludiques et des r\u00e9flexions collectives, les participants apprendront \u00e0 mieux se conna\u00eetre, \u00e0 g\u00e9rer les conflits, \u00e0 construire une dynamique de groupe positive et \u00e0 atteindre des objectifs communs plus efficacement.<\/span><\/p><p><span style=\"font-weight: 400;\">\u00a0Offrez \u00e0 vos collaborateurs des moments de r\u00e9flexion dans un cadre inspirant favorisant ainsi l\u2019innovation et la collaboration, le tout avec une approche ludique et pour des r\u00e9sultats durables.<\/span><\/p><p><span style=\"font-weight: 400;\">\u00c0 l\u2019issue de l\u2019atelier, les participants seront capables de :<\/span><\/p><ul><li style=\"font-weight: 400;\" aria-level=\"1\"><span style=\"font-weight: 400;\">Identifier les forces et les compl\u00e9mentarit\u00e9s au sein de l\u2019\u00e9quipe<\/span><\/li><li style=\"font-weight: 400;\" aria-level=\"1\"><span style=\"font-weight: 400;\">Am\u00e9liorer leur \u00e9coute active et leur communication<\/span><\/li><li style=\"font-weight: 400;\" aria-level=\"1\"><span style=\"font-weight: 400;\">R\u00e9soudre ensemble des situations complexes ou impr\u00e9vues<\/span><\/li><li style=\"font-weight: 400;\" aria-level=\"1\"><span style=\"font-weight: 400;\">Construire un climat de confiance et de soutien mutuel\u00a0<\/span><\/li><li style=\"font-weight: 400;\" aria-level=\"1\"><span style=\"font-weight: 400;\">Promouvoir la synergie et le travail d\u2019\u00e9quipe efficace<\/span><\/li><li style=\"font-weight: 400;\" aria-level=\"1\"><span style=\"font-weight: 400;\">Renforcer la coh\u00e9sion d\u2019\u00e9quipe et l\u2019esprit de collaboration<\/span><\/li><li style=\"font-weight: 400;\" aria-level=\"1\"><span style=\"font-weight: 400;\">Cr\u00e9er un espace de recul pour analyser les pratiques et les r\u00e9sultats de l\u2019organisation<\/span><\/li><li style=\"font-weight: 400;\" aria-level=\"1\"><span style=\"font-weight: 400;\">D\u00e9finir ou ajuster les orientations strat\u00e9giques \u00e0 moyen et long terme<\/span><\/li><li style=\"font-weight: 400;\" aria-level=\"1\">Aligner les \u00e9quipes autour d\u2019une vision commune et des priorit\u00e9s \u00e0 venir<\/li><\/ul>\t\t\t\t\t\t\t\t<\/div>\n\t\t\t\t<\/div>\n\t\t\t\t<div class=\"elementor-element elementor-element-dde9470 elementor-widget elementor-widget-text-editor\" data-id=\"dde9470\" data-element_type=\"widget\" data-widget_type=\"text-editor.default\">\n\t\t\t\t<div class=\"elementor-widget-container\">\n\t\t\t\t\t\t\t\t\t<p><span style=\"color: #77c3af;\"><em><b>Public cible\u00a0<\/b><\/em><\/span><\/p><ul><li style=\"font-weight: 400;\" aria-level=\"1\"><span style=\"font-weight: 400;\">\u00c9quipes souhaitant am\u00e9liorer la collaboration et la coh\u00e9sion<\/span><\/li><li style=\"font-weight: 400;\" aria-level=\"1\"><span style=\"font-weight: 400;\">Chefs d\u2019entreprises<\/span><\/li><li style=\"font-weight: 400;\" aria-level=\"1\"><span style=\"font-weight: 400;\">Dirigeants seniors<\/span><\/li><li style=\"font-weight: 400;\" aria-level=\"1\"><span style=\"font-weight: 400;\">\u00c9quipes souhaitant am\u00e9liorer la collaboration, la coh\u00e9sion et l\u2019action<\/span><\/li><li style=\"font-weight: 400;\" aria-level=\"1\"><span style=\"font-weight: 400;\">Dirigeants senior\/ RH<\/span><\/li><\/ul>\t\t\t\t\t\t\t\t<\/div>\n\t\t\t\t<\/div>\n\t\t\t\t\t<\/div>\n\t\t\t\t<\/div>\n\t\t<div class=\"elementor-element elementor-element-c29f9d8 e-flex e-con-boxed e-con e-parent\" data-id=\"c29f9d8\" data-element_type=\"container\">\n\t\t\t\t\t<div class=\"e-con-inner\">\n\t\t\t\t<div class=\"elementor-element elementor-element-ab1d9b8 elementor-widget elementor-widget-heading\" data-id=\"ab1d9b8\" data-element_type=\"widget\" data-widget_type=\"heading.default\">\n\t\t\t\t<div class=\"elementor-widget-container\">\n\t\t\t\t\t<h2 class=\"elementor-heading-title elementor-size-default\">1.Team building<\/h2>\t\t\t\t<\/div>\n\t\t\t\t<\/div>\n\t\t<div class=\"elementor-element elementor-element-883d42d e-con-full e-flex e-con e-child\" data-id=\"883d42d\" data-element_type=\"container\">\n\t\t<div class=\"elementor-element elementor-element-facf0aa e-con-full e-flex e-con e-child\" data-id=\"facf0aa\" data-element_type=\"container\">\n\t\t\t\t<div class=\"elementor-element elementor-element-8d3caff elementor-widget elementor-widget-text-editor\" data-id=\"8d3caff\" data-element_type=\"widget\" data-widget_type=\"text-editor.default\">\n\t\t\t\t<div class=\"elementor-widget-container\">\n\t\t\t\t\t\t\t\t\t<h4 style=\"text-align: center;\"><span style=\"color: #77c3af;\"><strong><span style=\"text-decoration: underline;\">Forma 1 jour:\u00a0<\/span><\/strong><\/span><\/h4><ul><li><p><span style=\"font-weight: 400;\">Communication et collaboration ou\/ Gestion du stress et bien-\u00eatre au travail<\/span><\/p><\/li><\/ul>\t\t\t\t\t\t\t\t<\/div>\n\t\t\t\t<\/div>\n\t\t\t\t<\/div>\n\t\t<div class=\"elementor-element elementor-element-bc8c879 e-con-full e-flex e-con e-child\" data-id=\"bc8c879\" data-element_type=\"container\">\n\t\t\t\t<div class=\"elementor-element elementor-element-2483002 elementor-widget elementor-widget-text-editor\" data-id=\"2483002\" data-element_type=\"widget\" data-widget_type=\"text-editor.default\">\n\t\t\t\t<div class=\"elementor-widget-container\">\n\t\t\t\t\t\t\t\t\t<h4 style=\"text-align: center;\"><strong><span style=\"color: #77c3af;\"><span style=\"text-decoration: underline;\">Format 2 jours<\/span><\/span><\/strong><\/h4><ul><li><span style=\"font-weight: 400;\">Coh\u00e9sion et esprit d\u2019\u00e9quipe<\/span><\/li><\/ul>\t\t\t\t\t\t\t\t<\/div>\n\t\t\t\t<\/div>\n\t\t\t\t<\/div>\n\t\t<div class=\"elementor-element elementor-element-de066e8 e-con-full e-flex e-con e-child\" data-id=\"de066e8\" data-element_type=\"container\">\n\t\t\t\t<div class=\"elementor-element elementor-element-5169ff5 elementor-widget elementor-widget-text-editor\" data-id=\"5169ff5\" data-element_type=\"widget\" data-widget_type=\"text-editor.default\">\n\t\t\t\t<div class=\"elementor-widget-container\">\n\t\t\t\t\t\t\t\t\t<h4 style=\"text-align: center;\"><strong><span style=\"color: #77c3af;\"><span style=\"text-decoration: underline;\">Format 3 jours<\/span><\/span><\/strong><\/h4><ul><li><span style=\"font-weight: 400;\">Leadership &amp; Coh\u00e9sion d&rsquo;\u00e9quipe \/ R\u00e9solution de conflits<\/span><\/li><\/ul>\t\t\t\t\t\t\t\t<\/div>\n\t\t\t\t<\/div>\n\t\t\t\t<\/div>\n\t\t\t\t<\/div>\n\t\t\t\t<div class=\"elementor-element elementor-element-fa44c4a elementor-widget elementor-widget-heading\" data-id=\"fa44c4a\" data-element_type=\"widget\" data-widget_type=\"heading.default\">\n\t\t\t\t<div class=\"elementor-widget-container\">\n\t\t\t\t\t<h2 class=\"elementor-heading-title elementor-size-default\">2. Retraite strat\u00e9gique <\/h2>\t\t\t\t<\/div>\n\t\t\t\t<\/div>\n\t\t<div class=\"elementor-element elementor-element-31bcbb2 e-con-full e-flex e-con e-child\" data-id=\"31bcbb2\" data-element_type=\"container\">\n\t\t<div class=\"elementor-element elementor-element-2216ec9 e-con-full e-flex e-con e-child\" data-id=\"2216ec9\" data-element_type=\"container\">\n\t\t\t\t<div class=\"elementor-element elementor-element-761894c elementor-widget elementor-widget-text-editor\" data-id=\"761894c\" data-element_type=\"widget\" data-widget_type=\"text-editor.default\">\n\t\t\t\t<div class=\"elementor-widget-container\">\n\t\t\t\t\t\t\t\t\t<h4 style=\"text-align: center;\"><span style=\"color: #77c3af;\"><strong><span style=\"text-decoration: underline;\">Forma 1 jour:\u00a0<\/span><\/strong><\/span><\/h4><ul><li><p><span style=\"font-weight: 400;\">Vision, valeurs et objectifs communs<\/span><\/p><\/li><\/ul>\t\t\t\t\t\t\t\t<\/div>\n\t\t\t\t<\/div>\n\t\t\t\t<\/div>\n\t\t<div class=\"elementor-element elementor-element-8aec9bb e-con-full e-flex e-con e-child\" data-id=\"8aec9bb\" data-element_type=\"container\">\n\t\t\t\t<div class=\"elementor-element elementor-element-bdbeea8 elementor-widget elementor-widget-text-editor\" data-id=\"bdbeea8\" data-element_type=\"widget\" data-widget_type=\"text-editor.default\">\n\t\t\t\t<div class=\"elementor-widget-container\">\n\t\t\t\t\t\t\t\t\t<h4 style=\"text-align: center;\"><strong><span style=\"color: #77c3af;\"><span style=\"text-decoration: underline;\">Format 2 jours<\/span><\/span><\/strong><\/h4><ul><li><span style=\"font-weight: 400;\">Bilan et \u00e9valuation de la performance\/ Engagement des collaborateurs et culture d\u2019entreprise<\/span><\/li><\/ul>\t\t\t\t\t\t\t\t<\/div>\n\t\t\t\t<\/div>\n\t\t\t\t<\/div>\n\t\t<div class=\"elementor-element elementor-element-c9044bf e-con-full e-flex e-con e-child\" data-id=\"c9044bf\" data-element_type=\"container\">\n\t\t\t\t<div class=\"elementor-element elementor-element-11df2cc elementor-widget elementor-widget-text-editor\" data-id=\"11df2cc\" data-element_type=\"widget\" data-widget_type=\"text-editor.default\">\n\t\t\t\t<div class=\"elementor-widget-container\">\n\t\t\t\t\t\t\t\t\t<h4 style=\"text-align: center;\"><strong><span style=\"color: #77c3af;\"><span style=\"text-decoration: underline;\">Format 3-4 jours<\/span><\/span><\/strong><\/h4><ul><li><span style=\"font-weight: 400;\">D\u00e9finition des priorit\u00e9s strat\u00e9giques\/ Vision et mission de l\u2019organisation<\/span><\/li><\/ul>\t\t\t\t\t\t\t\t<\/div>\n\t\t\t\t<\/div>\n\t\t\t\t<\/div>\n\t\t<div class=\"elementor-element elementor-element-a494161 e-con-full e-flex e-con e-child\" data-id=\"a494161\" data-element_type=\"container\">\n\t\t\t\t<div class=\"elementor-element elementor-element-723b349 elementor-widget elementor-widget-text-editor\" data-id=\"723b349\" data-element_type=\"widget\" data-widget_type=\"text-editor.default\">\n\t\t\t\t<div class=\"elementor-widget-container\">\n\t\t\t\t\t\t\t\t\t<h4 style=\"text-align: center;\"><strong><span style=\"color: #77c3af;\"><span style=\"text-decoration: underline;\">Format 5 jours<\/span><\/span><\/strong><\/h4><ul><li><span style=\"font-weight: 400;\">Leadership et gouvernance\/ Innovation et transformation<\/span><\/li><\/ul>\t\t\t\t\t\t\t\t<\/div>\n\t\t\t\t<\/div>\n\t\t\t\t<\/div>\n\t\t\t\t<\/div>\n\t\t\t\t\t<\/div>\n\t\t\t\t<\/div>\n\t\t\t\t<\/div>\n\t\t","protected":false},"excerpt":{"rendered":"<p>TEAM BUILDING ET RETRAITE STRAT\u00c9GIQUE Objectif de la formation\u00a0 L\u2019objectif g\u00e9n\u00e9ral de cette formation est de renforcer la coh\u00e9sion d\u2019\u00e9quipe, am\u00e9liorer la communication entre les collaborateurs, et d\u00e9velopper un esprit de collaboration efficace. \u00c0 travers des activit\u00e9s pratiques, des mises en situation ludiques et des r\u00e9flexions collectives, les participants apprendront \u00e0 mieux se conna\u00eetre, \u00e0 [&hellip;]<\/p>\n","protected":false},"author":2,"featured_media":0,"parent":0,"menu_order":0,"comment_status":"closed","ping_status":"closed","template":"","meta":{"ocean_post_layout":"","ocean_both_sidebars_style":"","ocean_both_sidebars_content_width":0,"ocean_both_sidebars_sidebars_width":0,"ocean_sidebar":"","ocean_second_sidebar":"","ocean_disable_margins":"enable","ocean_add_body_class":"","ocean_shortcode_before_top_bar":"","ocean_shortcode_after_top_bar":"","ocean_shortcode_before_header":"","ocean_shortcode_after_header":"","ocean_has_shortcode":"","ocean_shortcode_after_title":"","ocean_shortcode_before_footer_widgets":"","ocean_shortcode_after_footer_widgets":"","ocean_shortcode_before_footer_bottom":"","ocean_shortcode_after_footer_bottom":"","ocean_display_top_bar":"default","ocean_display_header":"default","ocean_header_style":"","ocean_center_header_left_menu":"","ocean_custom_header_template":"","ocean_custom_logo":0,"ocean_custom_retina_logo":0,"ocean_custom_logo_max_width":0,"ocean_custom_logo_tablet_max_width":0,"ocean_custom_logo_mobile_max_width":0,"ocean_custom_logo_max_height":0,"ocean_custom_logo_tablet_max_height":0,"ocean_custom_logo_mobile_max_height":0,"ocean_header_custom_menu":"","ocean_menu_typo_font_family":"","ocean_menu_typo_font_subset":"","ocean_menu_typo_font_size":0,"ocean_menu_typo_font_size_tablet":0,"ocean_menu_typo_font_size_mobile":0,"ocean_menu_typo_font_size_unit":"px","ocean_menu_typo_font_weight":"","ocean_menu_typo_font_weight_tablet":"","ocean_menu_typo_font_weight_mobile":"","ocean_menu_typo_transform":"","ocean_menu_typo_transform_tablet":"","ocean_menu_typo_transform_mobile":"","ocean_menu_typo_line_height":0,"ocean_menu_typo_line_height_tablet":0,"ocean_menu_typo_line_height_mobile":0,"ocean_menu_typo_line_height_unit":"","ocean_menu_typo_spacing":0,"ocean_menu_typo_spacing_tablet":0,"ocean_menu_typo_spacing_mobile":0,"ocean_menu_typo_spacing_unit":"","ocean_menu_link_color":"","ocean_menu_link_color_hover":"","ocean_menu_link_color_active":"","ocean_menu_link_background":"","ocean_menu_link_hover_background":"","ocean_menu_link_active_background":"","ocean_menu_social_links_bg":"","ocean_menu_social_hover_links_bg":"","ocean_menu_social_links_color":"","ocean_menu_social_hover_links_color":"","ocean_disable_title":"default","ocean_disable_heading":"default","ocean_post_title":"","ocean_post_subheading":"","ocean_post_title_style":"","ocean_post_title_background_color":"","ocean_post_title_background":0,"ocean_post_title_bg_image_position":"","ocean_post_title_bg_image_attachment":"","ocean_post_title_bg_image_repeat":"","ocean_post_title_bg_image_size":"","ocean_post_title_height":0,"ocean_post_title_bg_overlay":0.5,"ocean_post_title_bg_overlay_color":"","ocean_disable_breadcrumbs":"default","ocean_breadcrumbs_color":"","ocean_breadcrumbs_separator_color":"","ocean_breadcrumbs_links_color":"","ocean_breadcrumbs_links_hover_color":"","ocean_display_footer_widgets":"default","ocean_display_footer_bottom":"default","ocean_custom_footer_template":"","footnotes":""},"class_list":["post-252","page","type-page","status-publish","hentry","entry"],"yoast_head":"<!-- This site is optimized with the Yoast SEO plugin v25.3.1 - https:\/\/yoast.com\/wordpress\/plugins\/seo\/ -->\n<title>TEAM BUILDING ET RETRAITE STRAT\u00c9GIQUE - jawad<\/title>\n<meta name=\"description\" content=\"Renforcez la coh\u00e9sion de vos \u00e9quipes et dynamisez votre entreprise gr\u00e2ce \u00e0 nos offres de team building et retraites strat\u00e9giques. Nous proposons des activit\u00e9s sur-mesure qui favorisent l\u2019esprit d\u2019\u00e9quipe, la communication et la collaboration, tout en offrant un cadre propice \u00e0 la r\u00e9flexion et \u00e0 la planification strat\u00e9gique. Boostez la motivation, stimulez la cr\u00e9ativit\u00e9 et construisez ensemble un avenir commun solide et inspirant. Avec JAWAD, transformez vos moments d\u2019\u00e9change en v\u00e9ritables leviers\u00a0de\u00a0performance.\" \/>\n<meta name=\"robots\" content=\"index, follow, max-snippet:-1, max-image-preview:large, max-video-preview:-1\" \/>\n<link rel=\"canonical\" href=\"https:\/\/jawad.sn\/index.php\/team-building-et-retraite-strategique\/\" \/>\n<meta property=\"og:locale\" content=\"fr_FR\" \/>\n<meta property=\"og:type\" content=\"article\" \/>\n<meta property=\"og:title\" content=\"TEAM BUILDING ET RETRAITE STRAT\u00c9GIQUE - jawad\" \/>\n<meta property=\"og:description\" content=\"Renforcez la coh\u00e9sion de vos \u00e9quipes et dynamisez votre entreprise gr\u00e2ce \u00e0 nos offres de team building et retraites strat\u00e9giques. Nous proposons des activit\u00e9s sur-mesure qui favorisent l\u2019esprit d\u2019\u00e9quipe, la communication et la collaboration, tout en offrant un cadre propice \u00e0 la r\u00e9flexion et \u00e0 la planification strat\u00e9gique. Boostez la motivation, stimulez la cr\u00e9ativit\u00e9 et construisez ensemble un avenir commun solide et inspirant. Avec JAWAD, transformez vos moments d\u2019\u00e9change en v\u00e9ritables leviers\u00a0de\u00a0performance.\" \/>\n<meta property=\"og:url\" content=\"https:\/\/jawad.sn\/index.php\/team-building-et-retraite-strategique\/\" \/>\n<meta property=\"og:site_name\" content=\"jawad\" \/>\n<meta property=\"article:modified_time\" content=\"2025-06-26T15:10:39+00:00\" \/>\n<meta name=\"twitter:card\" content=\"summary_large_image\" \/>\n<meta name=\"twitter:label1\" content=\"Dur\u00e9e de lecture estim\u00e9e\" \/>\n\t<meta name=\"twitter:data1\" content=\"2 minutes\" \/>\n<script type=\"application\/ld+json\" class=\"yoast-schema-graph\">{\"@context\":\"https:\/\/schema.org\",\"@graph\":[{\"@type\":\"WebPage\",\"@id\":\"https:\/\/jawad.sn\/index.php\/team-building-et-retraite-strategique\/\",\"url\":\"https:\/\/jawad.sn\/index.php\/team-building-et-retraite-strategique\/\",\"name\":\"TEAM BUILDING ET RETRAITE STRAT\u00c9GIQUE - jawad\",\"isPartOf\":{\"@id\":\"https:\/\/jawad.sn\/#website\"},\"datePublished\":\"2025-05-20T15:46:12+00:00\",\"dateModified\":\"2025-06-26T15:10:39+00:00\",\"description\":\"Renforcez la coh\u00e9sion de vos \u00e9quipes et dynamisez votre entreprise gr\u00e2ce \u00e0 nos offres de team building et retraites strat\u00e9giques. Nous proposons des activit\u00e9s sur-mesure qui favorisent l\u2019esprit d\u2019\u00e9quipe, la communication et la collaboration, tout en offrant un cadre propice \u00e0 la r\u00e9flexion et \u00e0 la planification strat\u00e9gique. Boostez la motivation, stimulez la cr\u00e9ativit\u00e9 et construisez ensemble un avenir commun solide et inspirant. Avec JAWAD, transformez vos moments d\u2019\u00e9change en v\u00e9ritables leviers\u00a0de\u00a0performance.\",\"breadcrumb\":{\"@id\":\"https:\/\/jawad.sn\/index.php\/team-building-et-retraite-strategique\/#breadcrumb\"},\"inLanguage\":\"fr-FR\",\"potentialAction\":[{\"@type\":\"ReadAction\",\"target\":[\"https:\/\/jawad.sn\/index.php\/team-building-et-retraite-strategique\/\"]}]},{\"@type\":\"BreadcrumbList\",\"@id\":\"https:\/\/jawad.sn\/index.php\/team-building-et-retraite-strategique\/#breadcrumb\",\"itemListElement\":[{\"@type\":\"ListItem\",\"position\":1,\"name\":\"Accueil\",\"item\":\"https:\/\/jawad.sn\/\"},{\"@type\":\"ListItem\",\"position\":2,\"name\":\"TEAM BUILDING ET RETRAITE STRAT\u00c9GIQUE\"}]},{\"@type\":\"WebSite\",\"@id\":\"https:\/\/jawad.sn\/#website\",\"url\":\"https:\/\/jawad.sn\/\",\"name\":\"jawad\",\"description\":\"Chaque comp\u00e9tence compte, chaque parcours m\u00e9rite l\u2019essor\",\"publisher\":{\"@id\":\"https:\/\/jawad.sn\/#organization\"},\"potentialAction\":[{\"@type\":\"SearchAction\",\"target\":{\"@type\":\"EntryPoint\",\"urlTemplate\":\"https:\/\/jawad.sn\/?s={search_term_string}\"},\"query-input\":{\"@type\":\"PropertyValueSpecification\",\"valueRequired\":true,\"valueName\":\"search_term_string\"}}],\"inLanguage\":\"fr-FR\"},{\"@type\":\"Organization\",\"@id\":\"https:\/\/jawad.sn\/#organization\",\"name\":\"jawad\",\"url\":\"https:\/\/jawad.sn\/\",\"logo\":{\"@type\":\"ImageObject\",\"inLanguage\":\"fr-FR\",\"@id\":\"https:\/\/jawad.sn\/#\/schema\/logo\/image\/\",\"url\":\"https:\/\/jawad.sn\/wp-content\/uploads\/2025\/05\/photo_2025-05-22_12-44-57-removebg-preview.png\",\"contentUrl\":\"https:\/\/jawad.sn\/wp-content\/uploads\/2025\/05\/photo_2025-05-22_12-44-57-removebg-preview.png\",\"width\":666,\"height\":375,\"caption\":\"jawad\"},\"image\":{\"@id\":\"https:\/\/jawad.sn\/#\/schema\/logo\/image\/\"}}]}<\/script>\n<!-- \/ Yoast SEO plugin. -->","yoast_head_json":{"title":"TEAM BUILDING ET RETRAITE STRAT\u00c9GIQUE - jawad","description":"Renforcez la coh\u00e9sion de vos \u00e9quipes et dynamisez votre entreprise gr\u00e2ce \u00e0 nos offres de team building et retraites strat\u00e9giques. Nous proposons des activit\u00e9s sur-mesure qui favorisent l\u2019esprit d\u2019\u00e9quipe, la communication et la collaboration, tout en offrant un cadre propice \u00e0 la r\u00e9flexion et \u00e0 la planification strat\u00e9gique. Boostez la motivation, stimulez la cr\u00e9ativit\u00e9 et construisez ensemble un avenir commun solide et inspirant. Avec JAWAD, transformez vos moments d\u2019\u00e9change en v\u00e9ritables leviers\u00a0de\u00a0performance.","robots":{"index":"index","follow":"follow","max-snippet":"max-snippet:-1","max-image-preview":"max-image-preview:large","max-video-preview":"max-video-preview:-1"},"canonical":"https:\/\/jawad.sn\/index.php\/team-building-et-retraite-strategique\/","og_locale":"fr_FR","og_type":"article","og_title":"TEAM BUILDING ET RETRAITE STRAT\u00c9GIQUE - jawad","og_description":"Renforcez la coh\u00e9sion de vos \u00e9quipes et dynamisez votre entreprise gr\u00e2ce \u00e0 nos offres de team building et retraites strat\u00e9giques. Nous proposons des activit\u00e9s sur-mesure qui favorisent l\u2019esprit d\u2019\u00e9quipe, la communication et la collaboration, tout en offrant un cadre propice \u00e0 la r\u00e9flexion et \u00e0 la planification strat\u00e9gique. Boostez la motivation, stimulez la cr\u00e9ativit\u00e9 et construisez ensemble un avenir commun solide et inspirant. Avec JAWAD, transformez vos moments d\u2019\u00e9change en v\u00e9ritables leviers\u00a0de\u00a0performance.","og_url":"https:\/\/jawad.sn\/index.php\/team-building-et-retraite-strategique\/","og_site_name":"jawad","article_modified_time":"2025-06-26T15:10:39+00:00","twitter_card":"summary_large_image","twitter_misc":{"Dur\u00e9e de lecture estim\u00e9e":"2 minutes"},"schema":{"@context":"https:\/\/schema.org","@graph":[{"@type":"WebPage","@id":"https:\/\/jawad.sn\/index.php\/team-building-et-retraite-strategique\/","url":"https:\/\/jawad.sn\/index.php\/team-building-et-retraite-strategique\/","name":"TEAM BUILDING ET RETRAITE STRAT\u00c9GIQUE - jawad","isPartOf":{"@id":"https:\/\/jawad.sn\/#website"},"datePublished":"2025-05-20T15:46:12+00:00","dateModified":"2025-06-26T15:10:39+00:00","description":"Renforcez la coh\u00e9sion de vos \u00e9quipes et dynamisez votre entreprise gr\u00e2ce \u00e0 nos offres de team building et retraites strat\u00e9giques. Nous proposons des activit\u00e9s sur-mesure qui favorisent l\u2019esprit d\u2019\u00e9quipe, la communication et la collaboration, tout en offrant un cadre propice \u00e0 la r\u00e9flexion et \u00e0 la planification strat\u00e9gique. Boostez la motivation, stimulez la cr\u00e9ativit\u00e9 et construisez ensemble un avenir commun solide et inspirant. Avec JAWAD, transformez vos moments d\u2019\u00e9change en v\u00e9ritables leviers\u00a0de\u00a0performance.","breadcrumb":{"@id":"https:\/\/jawad.sn\/index.php\/team-building-et-retraite-strategique\/#breadcrumb"},"inLanguage":"fr-FR","potentialAction":[{"@type":"ReadAction","target":["https:\/\/jawad.sn\/index.php\/team-building-et-retraite-strategique\/"]}]},{"@type":"BreadcrumbList","@id":"https:\/\/jawad.sn\/index.php\/team-building-et-retraite-strategique\/#breadcrumb","itemListElement":[{"@type":"ListItem","position":1,"name":"Accueil","item":"https:\/\/jawad.sn\/"},{"@type":"ListItem","position":2,"name":"TEAM BUILDING ET RETRAITE STRAT\u00c9GIQUE"}]},{"@type":"WebSite","@id":"https:\/\/jawad.sn\/#website","url":"https:\/\/jawad.sn\/","name":"jawad","description":"Chaque comp\u00e9tence compte, chaque parcours m\u00e9rite l\u2019essor","publisher":{"@id":"https:\/\/jawad.sn\/#organization"},"potentialAction":[{"@type":"SearchAction","target":{"@type":"EntryPoint","urlTemplate":"https:\/\/jawad.sn\/?s={search_term_string}"},"query-input":{"@type":"PropertyValueSpecification","valueRequired":true,"valueName":"search_term_string"}}],"inLanguage":"fr-FR"},{"@type":"Organization","@id":"https:\/\/jawad.sn\/#organization","name":"jawad","url":"https:\/\/jawad.sn\/","logo":{"@type":"ImageObject","inLanguage":"fr-FR","@id":"https:\/\/jawad.sn\/#\/schema\/logo\/image\/","url":"https:\/\/jawad.sn\/wp-content\/uploads\/2025\/05\/photo_2025-05-22_12-44-57-removebg-preview.png","contentUrl":"https:\/\/jawad.sn\/wp-content\/uploads\/2025\/05\/photo_2025-05-22_12-44-57-removebg-preview.png","width":666,"height":375,"caption":"jawad"},"image":{"@id":"https:\/\/jawad.sn\/#\/schema\/logo\/image\/"}}]}},"_links":{"self":[{"href":"https:\/\/jawad.sn\/index.php\/wp-json\/wp\/v2\/pages\/252","targetHints":{"allow":["GET"]}}],"collection":[{"href":"https:\/\/jawad.sn\/index.php\/wp-json\/wp\/v2\/pages"}],"about":[{"href":"https:\/\/jawad.sn\/index.php\/wp-json\/wp\/v2\/types\/page"}],"author":[{"embeddable":true,"href":"https:\/\/jawad.sn\/index.php\/wp-json\/wp\/v2\/users\/2"}],"replies":[{"embeddable":true,"href":"https:\/\/jawad.sn\/index.php\/wp-json\/wp\/v2\/comments?post=252"}],"version-history":[{"count":21,"href":"https:\/\/jawad.sn\/index.php\/wp-json\/wp\/v2\/pages\/252\/revisions"}],"predecessor-version":[{"id":849,"href":"https:\/\/jawad.sn\/index.php\/wp-json\/wp\/v2\/pages\/252\/revisions\/849"}],"wp:attachment":[{"href":"https:\/\/jawad.sn\/index.php\/wp-json\/wp\/v2\/media?parent=252"}],"curies":[{"name":"wp","href":"https:\/\/api.w.org\/{rel}","templated":true}]}}