{"id":232,"date":"2025-05-20T13:14:52","date_gmt":"2025-05-20T13:14:52","guid":{"rendered":"https:\/\/jawad.sn\/?page_id=232"},"modified":"2025-06-26T14:42:04","modified_gmt":"2025-06-26T14:42:04","slug":"avancez-avec-confiance-a-votre-facon","status":"publish","type":"page","link":"https:\/\/jawad.sn\/index.php\/avancez-avec-confiance-a-votre-facon\/","title":{"rendered":"formation particulier"},"content":{"rendered":"\t\t<div data-elementor-type=\"wp-page\" data-elementor-id=\"232\" class=\"elementor elementor-232\" data-elementor-post-type=\"page\">\n\t\t\t\t<div class=\"elementor-element elementor-element-065d6ae e-con-full e-flex e-con e-parent\" data-id=\"065d6ae\" data-element_type=\"container\" data-settings=\"{&quot;background_background&quot;:&quot;classic&quot;}\">\n\t\t\t\t<div class=\"elementor-element elementor-element-c3a6f7d elementor-widget__width-inherit e-transform e-transform e-transform e-transform elementor-widget elementor-widget-heading\" data-id=\"c3a6f7d\" data-element_type=\"widget\" data-settings=\"{&quot;_transform_rotateZ_effect&quot;:{&quot;unit&quot;:&quot;px&quot;,&quot;size&quot;:&quot;&quot;,&quot;sizes&quot;:[]},&quot;_transform_rotateZ_effect_tablet&quot;:{&quot;unit&quot;:&quot;deg&quot;,&quot;size&quot;:&quot;&quot;,&quot;sizes&quot;:[]},&quot;_transform_rotateZ_effect_mobile&quot;:{&quot;unit&quot;:&quot;deg&quot;,&quot;size&quot;:&quot;&quot;,&quot;sizes&quot;:[]},&quot;_transform_translateX_effect&quot;:{&quot;unit&quot;:&quot;px&quot;,&quot;size&quot;:&quot;&quot;,&quot;sizes&quot;:[]},&quot;_transform_translateX_effect_tablet&quot;:{&quot;unit&quot;:&quot;px&quot;,&quot;size&quot;:&quot;&quot;,&quot;sizes&quot;:[]},&quot;_transform_translateX_effect_mobile&quot;:{&quot;unit&quot;:&quot;px&quot;,&quot;size&quot;:&quot;&quot;,&quot;sizes&quot;:[]},&quot;_transform_translateY_effect&quot;:{&quot;unit&quot;:&quot;px&quot;,&quot;size&quot;:&quot;&quot;,&quot;sizes&quot;:[]},&quot;_transform_translateY_effect_tablet&quot;:{&quot;unit&quot;:&quot;px&quot;,&quot;size&quot;:&quot;&quot;,&quot;sizes&quot;:[]},&quot;_transform_translateY_effect_mobile&quot;:{&quot;unit&quot;:&quot;px&quot;,&quot;size&quot;:&quot;&quot;,&quot;sizes&quot;:[]},&quot;_transform_scale_effect&quot;:{&quot;unit&quot;:&quot;px&quot;,&quot;size&quot;:&quot;&quot;,&quot;sizes&quot;:[]},&quot;_transform_scale_effect_tablet&quot;:{&quot;unit&quot;:&quot;px&quot;,&quot;size&quot;:&quot;&quot;,&quot;sizes&quot;:[]},&quot;_transform_scale_effect_mobile&quot;:{&quot;unit&quot;:&quot;px&quot;,&quot;size&quot;:&quot;&quot;,&quot;sizes&quot;:[]},&quot;_transform_skewX_effect&quot;:{&quot;unit&quot;:&quot;px&quot;,&quot;size&quot;:&quot;&quot;,&quot;sizes&quot;:[]},&quot;_transform_skewX_effect_tablet&quot;:{&quot;unit&quot;:&quot;deg&quot;,&quot;size&quot;:&quot;&quot;,&quot;sizes&quot;:[]},&quot;_transform_skewX_effect_mobile&quot;:{&quot;unit&quot;:&quot;deg&quot;,&quot;size&quot;:&quot;&quot;,&quot;sizes&quot;:[]},&quot;_transform_skewY_effect&quot;:{&quot;unit&quot;:&quot;px&quot;,&quot;size&quot;:&quot;&quot;,&quot;sizes&quot;:[]},&quot;_transform_skewY_effect_tablet&quot;:{&quot;unit&quot;:&quot;deg&quot;,&quot;size&quot;:&quot;&quot;,&quot;sizes&quot;:[]},&quot;_transform_skewY_effect_mobile&quot;:{&quot;unit&quot;:&quot;deg&quot;,&quot;size&quot;:&quot;&quot;,&quot;sizes&quot;:[]}}\" data-widget_type=\"heading.default\">\n\t\t\t\t<div class=\"elementor-widget-container\">\n\t\t\t\t\t<h2 class=\"elementor-heading-title elementor-size-default\">Nos offres pour les particuliers<\/h2>\t\t\t\t<\/div>\n\t\t\t\t<\/div>\n\t\t\t\t<\/div>\n\t\t<div class=\"elementor-element elementor-element-0eb14d8 e-flex e-con-boxed e-con e-parent\" data-id=\"0eb14d8\" data-element_type=\"container\">\n\t\t\t\t\t<div class=\"e-con-inner\">\n\t\t\t\t<div class=\"elementor-element elementor-element-cf77e14 elementor-widget elementor-widget-text-editor\" data-id=\"cf77e14\" data-element_type=\"widget\" data-widget_type=\"text-editor.default\">\n\t\t\t\t<div class=\"elementor-widget-container\">\n\t\t\t\t\t\t\t\t\t<p><strong>A JAWAD, nous croyons en une formation g\u00e9n\u00e9reuse, qui place l\u2019humain au c\u0153ur de chaque apprentissage.<\/strong><\/p><p><span style=\"font-weight: 400;\">Nos formateurs partagent leur savoir avec passion, dans un esprit d\u2019\u00e9coute, de bienveillance et de transmission authentique.\u00a0<\/span><span style=\"font-weight: 400;\">Parce que chaque personne m\u00e9rite une formation qui lui donne les moyens d\u2019avancer, pleinement.<\/span><\/p>\t\t\t\t\t\t\t\t<\/div>\n\t\t\t\t<\/div>\n\t\t<div class=\"elementor-element elementor-element-c8b3297 e-con-full e-flex e-con e-child\" data-id=\"c8b3297\" data-element_type=\"container\">\n\t\t<div class=\"elementor-element elementor-element-db299ac e-grid e-con-full e-con e-child\" data-id=\"db299ac\" data-element_type=\"container\">\n\t\t\t\t<div class=\"elementor-element elementor-element-8494bd5 elementor-cta--skin-cover elementor-cta--valign-middle elementor-animated-content elementor-bg-transform elementor-bg-transform-zoom-in elementor-widget elementor-widget-call-to-action\" data-id=\"8494bd5\" data-element_type=\"widget\" data-widget_type=\"call-to-action.default\">\n\t\t\t\t<div class=\"elementor-widget-container\">\n\t\t\t\t\t\t\t<div class=\"elementor-cta\">\n\t\t\t\t\t<div class=\"elementor-cta__bg-wrapper\">\n\t\t\t\t<div class=\"elementor-cta__bg elementor-bg\" style=\"background-image: url();\" role=\"img\" aria-label=\"\"><\/div>\n\t\t\t\t<div class=\"elementor-cta__bg-overlay\"><\/div>\n\t\t\t<\/div>\n\t\t\t\t\t\t\t<div class=\"elementor-cta__content\">\n\t\t\t\t\n\t\t\t\t\t\t\t\t\t<h2 class=\"elementor-cta__title elementor-cta__content-item elementor-content-item elementor-animated-item--grow\">\n\t\t\t\t\t\tLEADERSHIP<br> &amp; MANAGEMENT\t\t\t\t\t<\/h2>\n\t\t\t\t\n\t\t\t\t\n\t\t\t\t\t\t\t\t\t<div class=\"elementor-cta__button-wrapper elementor-cta__content-item elementor-content-item elementor-animated-item--grow\">\n\t\t\t\t\t<a class=\"elementor-cta__button elementor-button elementor-size-\" href=\"https:\/\/jawad.sn\/index.php\/leadership-management\/\">\n\t\t\t\t\t\tEn savoir plus\t\t\t\t\t<\/a>\n\t\t\t\t\t<\/div>\n\t\t\t\t\t\t\t<\/div>\n\t\t\t\t\t\t<\/div>\n\t\t\t\t\t\t<\/div>\n\t\t\t\t<\/div>\n\t\t\t\t<div class=\"elementor-element elementor-element-d0c26ac elementor-cta--skin-cover elementor-cta--valign-middle elementor-animated-content elementor-bg-transform elementor-bg-transform-zoom-in elementor-widget elementor-widget-call-to-action\" data-id=\"d0c26ac\" data-element_type=\"widget\" data-widget_type=\"call-to-action.default\">\n\t\t\t\t<div class=\"elementor-widget-container\">\n\t\t\t\t\t\t\t<div class=\"elementor-cta\">\n\t\t\t\t\t<div class=\"elementor-cta__bg-wrapper\">\n\t\t\t\t<div class=\"elementor-cta__bg elementor-bg\" style=\"background-image: url();\" role=\"img\" aria-label=\"\"><\/div>\n\t\t\t\t<div class=\"elementor-cta__bg-overlay\"><\/div>\n\t\t\t<\/div>\n\t\t\t\t\t\t\t<div class=\"elementor-cta__content\">\n\t\t\t\t\n\t\t\t\t\t\t\t\t\t<h2 class=\"elementor-cta__title elementor-cta__content-item elementor-content-item elementor-animated-item--grow\">\n\t\t\t\t\t\tPERFORMANCE COMMERCIALE\t\t\t\t\t<\/h2>\n\t\t\t\t\n\t\t\t\t\n\t\t\t\t\t\t\t\t\t<div class=\"elementor-cta__button-wrapper elementor-cta__content-item elementor-content-item elementor-animated-item--grow\">\n\t\t\t\t\t<a class=\"elementor-cta__button elementor-button elementor-size-\" href=\"https:\/\/jawad.sn\/index.php\/performance-commerciale\/\">\n\t\t\t\t\t\tEn savoir plus\t\t\t\t\t<\/a>\n\t\t\t\t\t<\/div>\n\t\t\t\t\t\t\t<\/div>\n\t\t\t\t\t\t<\/div>\n\t\t\t\t\t\t<\/div>\n\t\t\t\t<\/div>\n\t\t\t\t<div class=\"elementor-element elementor-element-6aa047d elementor-cta--skin-cover elementor-cta--valign-middle elementor-animated-content elementor-bg-transform elementor-bg-transform-zoom-in elementor-widget elementor-widget-call-to-action\" data-id=\"6aa047d\" data-element_type=\"widget\" data-widget_type=\"call-to-action.default\">\n\t\t\t\t<div class=\"elementor-widget-container\">\n\t\t\t\t\t\t\t<div class=\"elementor-cta\">\n\t\t\t\t\t<div class=\"elementor-cta__bg-wrapper\">\n\t\t\t\t<div class=\"elementor-cta__bg elementor-bg\" style=\"background-image: url();\" role=\"img\" aria-label=\"\"><\/div>\n\t\t\t\t<div class=\"elementor-cta__bg-overlay\"><\/div>\n\t\t\t<\/div>\n\t\t\t\t\t\t\t<div class=\"elementor-cta__content\">\n\t\t\t\t\n\t\t\t\t\t\t\t\t\t<h2 class=\"elementor-cta__title elementor-cta__content-item elementor-content-item elementor-animated-item--grow\">\n\t\t\t\t\t\tCOMP\u00c9TENCES STRAT\u00c9GIQUES & FONCTIONS SUPPORT\t\t\t\t\t<\/h2>\n\t\t\t\t\n\t\t\t\t\n\t\t\t\t\t\t\t\t\t<div class=\"elementor-cta__button-wrapper elementor-cta__content-item elementor-content-item elementor-animated-item--grow\">\n\t\t\t\t\t<a class=\"elementor-cta__button elementor-button elementor-size-\" href=\"https:\/\/jawad.sn\/index.php\/efficacite-personnel-et-communication\/\">\n\t\t\t\t\t\tEn savoir plus\t\t\t\t\t<\/a>\n\t\t\t\t\t<\/div>\n\t\t\t\t\t\t\t<\/div>\n\t\t\t\t\t\t<\/div>\n\t\t\t\t\t\t<\/div>\n\t\t\t\t<\/div>\n\t\t\t\t<div class=\"elementor-element elementor-element-b26b58b elementor-cta--skin-cover elementor-cta--valign-middle elementor-animated-content elementor-bg-transform elementor-bg-transform-zoom-in elementor-widget elementor-widget-call-to-action\" data-id=\"b26b58b\" data-element_type=\"widget\" data-widget_type=\"call-to-action.default\">\n\t\t\t\t<div class=\"elementor-widget-container\">\n\t\t\t\t\t\t\t<div class=\"elementor-cta\">\n\t\t\t\t\t<div class=\"elementor-cta__bg-wrapper\">\n\t\t\t\t<div class=\"elementor-cta__bg elementor-bg\" style=\"background-image: url();\" role=\"img\" aria-label=\"\"><\/div>\n\t\t\t\t<div class=\"elementor-cta__bg-overlay\"><\/div>\n\t\t\t<\/div>\n\t\t\t\t\t\t\t<div class=\"elementor-cta__content\">\n\t\t\t\t\n\t\t\t\t\t\t\t\t\t<h2 class=\"elementor-cta__title elementor-cta__content-item elementor-content-item elementor-animated-item--grow\">\n\t\t\t\t\t\tEFFICACIT\u00c9 PERSONNELLE &amp; COMMUNICATION\t\t\t\t\t<\/h2>\n\t\t\t\t\n\t\t\t\t\n\t\t\t\t\t\t\t\t\t<div class=\"elementor-cta__button-wrapper elementor-cta__content-item elementor-content-item elementor-animated-item--grow\">\n\t\t\t\t\t<a class=\"elementor-cta__button elementor-button elementor-size-\" href=\"https:\/\/jawad.sn\/index.php\/competences-strategiques-fonctions-support\/\">\n\t\t\t\t\t\tEn savoir plus\t\t\t\t\t<\/a>\n\t\t\t\t\t<\/div>\n\t\t\t\t\t\t\t<\/div>\n\t\t\t\t\t\t<\/div>\n\t\t\t\t\t\t<\/div>\n\t\t\t\t<\/div>\n\t\t\t\t<div class=\"elementor-element elementor-element-4a2907f elementor-cta--skin-cover elementor-cta--valign-middle elementor-animated-content elementor-bg-transform elementor-bg-transform-zoom-in elementor-widget elementor-widget-call-to-action\" data-id=\"4a2907f\" data-element_type=\"widget\" data-widget_type=\"call-to-action.default\">\n\t\t\t\t<div class=\"elementor-widget-container\">\n\t\t\t\t\t\t\t<div class=\"elementor-cta\">\n\t\t\t\t\t<div class=\"elementor-cta__bg-wrapper\">\n\t\t\t\t<div class=\"elementor-cta__bg elementor-bg\" style=\"background-image: url();\" role=\"img\" aria-label=\"\"><\/div>\n\t\t\t\t<div class=\"elementor-cta__bg-overlay\"><\/div>\n\t\t\t<\/div>\n\t\t\t\t\t\t\t<div class=\"elementor-cta__content\">\n\t\t\t\t\n\t\t\t\t\t\t\t\t\t<h2 class=\"elementor-cta__title elementor-cta__content-item elementor-content-item elementor-animated-item--grow\">\n\t\t\t\t\t\tPARCOURS M\u00c9TIERS & EXPERTISES TECHNIQUES\t\t\t\t\t<\/h2>\n\t\t\t\t\n\t\t\t\t\n\t\t\t\t\t\t\t\t\t<div class=\"elementor-cta__button-wrapper elementor-cta__content-item elementor-content-item elementor-animated-item--grow\">\n\t\t\t\t\t<a class=\"elementor-cta__button elementor-button elementor-size-\" href=\"https:\/\/jawad.sn\/index.php\/parcours-metiers-expertises-techniques\/\">\n\t\t\t\t\t\tEn savoir plus\t\t\t\t\t<\/a>\n\t\t\t\t\t<\/div>\n\t\t\t\t\t\t\t<\/div>\n\t\t\t\t\t\t<\/div>\n\t\t\t\t\t\t<\/div>\n\t\t\t\t<\/div>\n\t\t\t\t<\/div>\n\t\t\t\t<\/div>\n\t\t\t\t\t<\/div>\n\t\t\t\t<\/div>\n\t\t\t\t<\/div>\n\t\t","protected":false},"excerpt":{"rendered":"<p>Nos offres pour les particuliers A JAWAD, nous croyons en une formation g\u00e9n\u00e9reuse, qui place l\u2019humain au c\u0153ur de chaque apprentissage. Nos formateurs partagent leur savoir avec passion, dans un esprit d\u2019\u00e9coute, de bienveillance et de transmission authentique.\u00a0Parce que chaque personne m\u00e9rite une formation qui lui donne les moyens d\u2019avancer, pleinement. LEADERSHIP &amp; MANAGEMENT En [&hellip;]<\/p>\n","protected":false},"author":2,"featured_media":0,"parent":0,"menu_order":0,"comment_status":"closed","ping_status":"closed","template":"","meta":{"ocean_post_layout":"","ocean_both_sidebars_style":"","ocean_both_sidebars_content_width":0,"ocean_both_sidebars_sidebars_width":0,"ocean_sidebar":"","ocean_second_sidebar":"","ocean_disable_margins":"enable","ocean_add_body_class":"","ocean_shortcode_before_top_bar":"","ocean_shortcode_after_top_bar":"","ocean_shortcode_before_header":"","ocean_shortcode_after_header":"","ocean_has_shortcode":"","ocean_shortcode_after_title":"","ocean_shortcode_before_footer_widgets":"","ocean_shortcode_after_footer_widgets":"","ocean_shortcode_before_footer_bottom":"","ocean_shortcode_after_footer_bottom":"","ocean_display_top_bar":"default","ocean_display_header":"default","ocean_header_style":"","ocean_center_header_left_menu":"","ocean_custom_header_template":"","ocean_custom_logo":0,"ocean_custom_retina_logo":0,"ocean_custom_logo_max_width":0,"ocean_custom_logo_tablet_max_width":0,"ocean_custom_logo_mobile_max_width":0,"ocean_custom_logo_max_height":0,"ocean_custom_logo_tablet_max_height":0,"ocean_custom_logo_mobile_max_height":0,"ocean_header_custom_menu":"","ocean_menu_typo_font_family":"","ocean_menu_typo_font_subset":"","ocean_menu_typo_font_size":0,"ocean_menu_typo_font_size_tablet":0,"ocean_menu_typo_font_size_mobile":0,"ocean_menu_typo_font_size_unit":"px","ocean_menu_typo_font_weight":"","ocean_menu_typo_font_weight_tablet":"","ocean_menu_typo_font_weight_mobile":"","ocean_menu_typo_transform":"","ocean_menu_typo_transform_tablet":"","ocean_menu_typo_transform_mobile":"","ocean_menu_typo_line_height":0,"ocean_menu_typo_line_height_tablet":0,"ocean_menu_typo_line_height_mobile":0,"ocean_menu_typo_line_height_unit":"","ocean_menu_typo_spacing":0,"ocean_menu_typo_spacing_tablet":0,"ocean_menu_typo_spacing_mobile":0,"ocean_menu_typo_spacing_unit":"","ocean_menu_link_color":"","ocean_menu_link_color_hover":"","ocean_menu_link_color_active":"","ocean_menu_link_background":"","ocean_menu_link_hover_background":"","ocean_menu_link_active_background":"","ocean_menu_social_links_bg":"","ocean_menu_social_hover_links_bg":"","ocean_menu_social_links_color":"","ocean_menu_social_hover_links_color":"","ocean_disable_title":"default","ocean_disable_heading":"default","ocean_post_title":"","ocean_post_subheading":"","ocean_post_title_style":"","ocean_post_title_background_color":"","ocean_post_title_background":0,"ocean_post_title_bg_image_position":"","ocean_post_title_bg_image_attachment":"","ocean_post_title_bg_image_repeat":"","ocean_post_title_bg_image_size":"","ocean_post_title_height":0,"ocean_post_title_bg_overlay":0.5,"ocean_post_title_bg_overlay_color":"","ocean_disable_breadcrumbs":"default","ocean_breadcrumbs_color":"","ocean_breadcrumbs_separator_color":"","ocean_breadcrumbs_links_color":"","ocean_breadcrumbs_links_hover_color":"","ocean_display_footer_widgets":"default","ocean_display_footer_bottom":"default","ocean_custom_footer_template":"","footnotes":""},"class_list":["post-232","page","type-page","status-publish","hentry","entry"],"yoast_head":"<!-- This site is optimized with the Yoast SEO plugin v25.3.1 - https:\/\/yoast.com\/wordpress\/plugins\/seo\/ -->\n<title>Formations accessibles pour tous, pour aller plus loin<\/title>\n<meta name=\"description\" content=\"Chez JAWAD, nous croyons que chacun m\u00e9rite les moyens de se former, de s\u2019\u00e9panouir et d\u2019\u00e9voluer \u00e0 son rythme. Nos formations pour particuliers sont pens\u00e9es pour \u00eatre accessibles, utiles et concr\u00e8tes : que vous cherchiez \u00e0 d\u00e9velopper de nouvelles comp\u00e9tences, \u00e0 vous reconvertir ou simplement \u00e0 mieux vous conna\u00eetre.Ce que nous vous offrons : \u2022 Des modules vari\u00e9s : communication, digital, soft skills, d\u00e9veloppement personnel... \u2022 Une approche humaine, bienveillante et motivante \u2022 Des formats flexibles (pr\u00e9sentiel, en ligne, en soir\u00e9e\/week-end) \u2022 Un accompagnement tout au long de votre parcours.\" \/>\n<meta name=\"robots\" content=\"index, follow, max-snippet:-1, max-image-preview:large, max-video-preview:-1\" \/>\n<link rel=\"canonical\" href=\"https:\/\/jawad.sn\/index.php\/avancez-avec-confiance-a-votre-facon\/\" \/>\n<meta property=\"og:locale\" content=\"fr_FR\" \/>\n<meta property=\"og:type\" content=\"article\" \/>\n<meta property=\"og:title\" content=\"Formations accessibles pour tous, pour aller plus loin\" \/>\n<meta property=\"og:description\" content=\"Chez JAWAD, nous croyons que chacun m\u00e9rite les moyens de se former, de s\u2019\u00e9panouir et d\u2019\u00e9voluer \u00e0 son rythme. Nos formations pour particuliers sont pens\u00e9es pour \u00eatre accessibles, utiles et concr\u00e8tes : que vous cherchiez \u00e0 d\u00e9velopper de nouvelles comp\u00e9tences, \u00e0 vous reconvertir ou simplement \u00e0 mieux vous conna\u00eetre.Ce que nous vous offrons : \u2022 Des modules vari\u00e9s : communication, digital, soft skills, d\u00e9veloppement personnel... \u2022 Une approche humaine, bienveillante et motivante \u2022 Des formats flexibles (pr\u00e9sentiel, en ligne, en soir\u00e9e\/week-end) \u2022 Un accompagnement tout au long de votre parcours.\" \/>\n<meta property=\"og:url\" content=\"https:\/\/jawad.sn\/index.php\/avancez-avec-confiance-a-votre-facon\/\" \/>\n<meta property=\"og:site_name\" content=\"jawad\" \/>\n<meta property=\"article:modified_time\" content=\"2025-06-26T14:42:04+00:00\" \/>\n<meta name=\"twitter:card\" content=\"summary_large_image\" \/>\n<meta name=\"twitter:label1\" content=\"Dur\u00e9e de lecture estim\u00e9e\" \/>\n\t<meta name=\"twitter:data1\" content=\"1 minute\" \/>\n<script type=\"application\/ld+json\" class=\"yoast-schema-graph\">{\"@context\":\"https:\/\/schema.org\",\"@graph\":[{\"@type\":\"WebPage\",\"@id\":\"https:\/\/jawad.sn\/index.php\/avancez-avec-confiance-a-votre-facon\/\",\"url\":\"https:\/\/jawad.sn\/index.php\/avancez-avec-confiance-a-votre-facon\/\",\"name\":\"Formations accessibles pour tous, pour aller plus loin\",\"isPartOf\":{\"@id\":\"https:\/\/jawad.sn\/#website\"},\"datePublished\":\"2025-05-20T13:14:52+00:00\",\"dateModified\":\"2025-06-26T14:42:04+00:00\",\"description\":\"Chez JAWAD, nous croyons que chacun m\u00e9rite les moyens de se former, de s\u2019\u00e9panouir et d\u2019\u00e9voluer \u00e0 son rythme. Nos formations pour particuliers sont pens\u00e9es pour \u00eatre accessibles, utiles et concr\u00e8tes : que vous cherchiez \u00e0 d\u00e9velopper de nouvelles comp\u00e9tences, \u00e0 vous reconvertir ou simplement \u00e0 mieux vous conna\u00eetre.Ce que nous vous offrons : \u2022 Des modules vari\u00e9s : communication, digital, soft skills, d\u00e9veloppement personnel... \u2022 Une approche humaine, bienveillante et motivante \u2022 Des formats flexibles (pr\u00e9sentiel, en ligne, en soir\u00e9e\/week-end) \u2022 Un accompagnement tout au long de votre parcours.\",\"breadcrumb\":{\"@id\":\"https:\/\/jawad.sn\/index.php\/avancez-avec-confiance-a-votre-facon\/#breadcrumb\"},\"inLanguage\":\"fr-FR\",\"potentialAction\":[{\"@type\":\"ReadAction\",\"target\":[\"https:\/\/jawad.sn\/index.php\/avancez-avec-confiance-a-votre-facon\/\"]}]},{\"@type\":\"BreadcrumbList\",\"@id\":\"https:\/\/jawad.sn\/index.php\/avancez-avec-confiance-a-votre-facon\/#breadcrumb\",\"itemListElement\":[{\"@type\":\"ListItem\",\"position\":1,\"name\":\"Accueil\",\"item\":\"https:\/\/jawad.sn\/\"},{\"@type\":\"ListItem\",\"position\":2,\"name\":\"formation particulier\"}]},{\"@type\":\"WebSite\",\"@id\":\"https:\/\/jawad.sn\/#website\",\"url\":\"https:\/\/jawad.sn\/\",\"name\":\"jawad\",\"description\":\"Chaque comp\u00e9tence compte, chaque parcours m\u00e9rite l\u2019essor\",\"publisher\":{\"@id\":\"https:\/\/jawad.sn\/#organization\"},\"potentialAction\":[{\"@type\":\"SearchAction\",\"target\":{\"@type\":\"EntryPoint\",\"urlTemplate\":\"https:\/\/jawad.sn\/?s={search_term_string}\"},\"query-input\":{\"@type\":\"PropertyValueSpecification\",\"valueRequired\":true,\"valueName\":\"search_term_string\"}}],\"inLanguage\":\"fr-FR\"},{\"@type\":\"Organization\",\"@id\":\"https:\/\/jawad.sn\/#organization\",\"name\":\"jawad\",\"url\":\"https:\/\/jawad.sn\/\",\"logo\":{\"@type\":\"ImageObject\",\"inLanguage\":\"fr-FR\",\"@id\":\"https:\/\/jawad.sn\/#\/schema\/logo\/image\/\",\"url\":\"https:\/\/jawad.sn\/wp-content\/uploads\/2025\/05\/photo_2025-05-22_12-44-57-removebg-preview.png\",\"contentUrl\":\"https:\/\/jawad.sn\/wp-content\/uploads\/2025\/05\/photo_2025-05-22_12-44-57-removebg-preview.png\",\"width\":666,\"height\":375,\"caption\":\"jawad\"},\"image\":{\"@id\":\"https:\/\/jawad.sn\/#\/schema\/logo\/image\/\"}}]}<\/script>\n<!-- \/ Yoast SEO plugin. -->","yoast_head_json":{"title":"Formations accessibles pour tous, pour aller plus loin","description":"Chez JAWAD, nous croyons que chacun m\u00e9rite les moyens de se former, de s\u2019\u00e9panouir et d\u2019\u00e9voluer \u00e0 son rythme. Nos formations pour particuliers sont pens\u00e9es pour \u00eatre accessibles, utiles et concr\u00e8tes : que vous cherchiez \u00e0 d\u00e9velopper de nouvelles comp\u00e9tences, \u00e0 vous reconvertir ou simplement \u00e0 mieux vous conna\u00eetre.Ce que nous vous offrons : \u2022 Des modules vari\u00e9s : communication, digital, soft skills, d\u00e9veloppement personnel... \u2022 Une approche humaine, bienveillante et motivante \u2022 Des formats flexibles (pr\u00e9sentiel, en ligne, en soir\u00e9e\/week-end) \u2022 Un accompagnement tout au long de votre parcours.","robots":{"index":"index","follow":"follow","max-snippet":"max-snippet:-1","max-image-preview":"max-image-preview:large","max-video-preview":"max-video-preview:-1"},"canonical":"https:\/\/jawad.sn\/index.php\/avancez-avec-confiance-a-votre-facon\/","og_locale":"fr_FR","og_type":"article","og_title":"Formations accessibles pour tous, pour aller plus loin","og_description":"Chez JAWAD, nous croyons que chacun m\u00e9rite les moyens de se former, de s\u2019\u00e9panouir et d\u2019\u00e9voluer \u00e0 son rythme. Nos formations pour particuliers sont pens\u00e9es pour \u00eatre accessibles, utiles et concr\u00e8tes : que vous cherchiez \u00e0 d\u00e9velopper de nouvelles comp\u00e9tences, \u00e0 vous reconvertir ou simplement \u00e0 mieux vous conna\u00eetre.Ce que nous vous offrons : \u2022 Des modules vari\u00e9s : communication, digital, soft skills, d\u00e9veloppement personnel... \u2022 Une approche humaine, bienveillante et motivante \u2022 Des formats flexibles (pr\u00e9sentiel, en ligne, en soir\u00e9e\/week-end) \u2022 Un accompagnement tout au long de votre parcours.","og_url":"https:\/\/jawad.sn\/index.php\/avancez-avec-confiance-a-votre-facon\/","og_site_name":"jawad","article_modified_time":"2025-06-26T14:42:04+00:00","twitter_card":"summary_large_image","twitter_misc":{"Dur\u00e9e de lecture estim\u00e9e":"1 minute"},"schema":{"@context":"https:\/\/schema.org","@graph":[{"@type":"WebPage","@id":"https:\/\/jawad.sn\/index.php\/avancez-avec-confiance-a-votre-facon\/","url":"https:\/\/jawad.sn\/index.php\/avancez-avec-confiance-a-votre-facon\/","name":"Formations accessibles pour tous, pour aller plus loin","isPartOf":{"@id":"https:\/\/jawad.sn\/#website"},"datePublished":"2025-05-20T13:14:52+00:00","dateModified":"2025-06-26T14:42:04+00:00","description":"Chez JAWAD, nous croyons que chacun m\u00e9rite les moyens de se former, de s\u2019\u00e9panouir et d\u2019\u00e9voluer \u00e0 son rythme. Nos formations pour particuliers sont pens\u00e9es pour \u00eatre accessibles, utiles et concr\u00e8tes : que vous cherchiez \u00e0 d\u00e9velopper de nouvelles comp\u00e9tences, \u00e0 vous reconvertir ou simplement \u00e0 mieux vous conna\u00eetre.Ce que nous vous offrons : \u2022 Des modules vari\u00e9s : communication, digital, soft skills, d\u00e9veloppement personnel... \u2022 Une approche humaine, bienveillante et motivante \u2022 Des formats flexibles (pr\u00e9sentiel, en ligne, en soir\u00e9e\/week-end) \u2022 Un accompagnement tout au long de votre parcours.","breadcrumb":{"@id":"https:\/\/jawad.sn\/index.php\/avancez-avec-confiance-a-votre-facon\/#breadcrumb"},"inLanguage":"fr-FR","potentialAction":[{"@type":"ReadAction","target":["https:\/\/jawad.sn\/index.php\/avancez-avec-confiance-a-votre-facon\/"]}]},{"@type":"BreadcrumbList","@id":"https:\/\/jawad.sn\/index.php\/avancez-avec-confiance-a-votre-facon\/#breadcrumb","itemListElement":[{"@type":"ListItem","position":1,"name":"Accueil","item":"https:\/\/jawad.sn\/"},{"@type":"ListItem","position":2,"name":"formation particulier"}]},{"@type":"WebSite","@id":"https:\/\/jawad.sn\/#website","url":"https:\/\/jawad.sn\/","name":"jawad","description":"Chaque comp\u00e9tence compte, chaque parcours m\u00e9rite l\u2019essor","publisher":{"@id":"https:\/\/jawad.sn\/#organization"},"potentialAction":[{"@type":"SearchAction","target":{"@type":"EntryPoint","urlTemplate":"https:\/\/jawad.sn\/?s={search_term_string}"},"query-input":{"@type":"PropertyValueSpecification","valueRequired":true,"valueName":"search_term_string"}}],"inLanguage":"fr-FR"},{"@type":"Organization","@id":"https:\/\/jawad.sn\/#organization","name":"jawad","url":"https:\/\/jawad.sn\/","logo":{"@type":"ImageObject","inLanguage":"fr-FR","@id":"https:\/\/jawad.sn\/#\/schema\/logo\/image\/","url":"https:\/\/jawad.sn\/wp-content\/uploads\/2025\/05\/photo_2025-05-22_12-44-57-removebg-preview.png","contentUrl":"https:\/\/jawad.sn\/wp-content\/uploads\/2025\/05\/photo_2025-05-22_12-44-57-removebg-preview.png","width":666,"height":375,"caption":"jawad"},"image":{"@id":"https:\/\/jawad.sn\/#\/schema\/logo\/image\/"}}]}},"_links":{"self":[{"href":"https:\/\/jawad.sn\/index.php\/wp-json\/wp\/v2\/pages\/232","targetHints":{"allow":["GET"]}}],"collection":[{"href":"https:\/\/jawad.sn\/index.php\/wp-json\/wp\/v2\/pages"}],"about":[{"href":"https:\/\/jawad.sn\/index.php\/wp-json\/wp\/v2\/types\/page"}],"author":[{"embeddable":true,"href":"https:\/\/jawad.sn\/index.php\/wp-json\/wp\/v2\/users\/2"}],"replies":[{"embeddable":true,"href":"https:\/\/jawad.sn\/index.php\/wp-json\/wp\/v2\/comments?post=232"}],"version-history":[{"count":24,"href":"https:\/\/jawad.sn\/index.php\/wp-json\/wp\/v2\/pages\/232\/revisions"}],"predecessor-version":[{"id":611,"href":"https:\/\/jawad.sn\/index.php\/wp-json\/wp\/v2\/pages\/232\/revisions\/611"}],"wp:attachment":[{"href":"https:\/\/jawad.sn\/index.php\/wp-json\/wp\/v2\/media?parent=232"}],"curies":[{"name":"wp","href":"https:\/\/api.w.org\/{rel}","templated":true}]}}