{"id":134,"date":"2025-05-19T23:03:13","date_gmt":"2025-05-19T23:03:13","guid":{"rendered":"https:\/\/jawad.sn\/?page_id=134"},"modified":"2025-06-26T14:43:52","modified_gmt":"2025-06-26T14:43:52","slug":"investissez-dans-le-potentiel-humain-de-votre-entreprise-parlons-en","status":"publish","type":"page","link":"https:\/\/jawad.sn\/index.php\/investissez-dans-le-potentiel-humain-de-votre-entreprise-parlons-en\/","title":{"rendered":"Entreprise"},"content":{"rendered":"\t\t<div data-elementor-type=\"wp-page\" data-elementor-id=\"134\" class=\"elementor elementor-134\" data-elementor-post-type=\"page\">\n\t\t\t\t<div class=\"elementor-element elementor-element-9bd6163 e-con-full e-flex e-con e-parent\" data-id=\"9bd6163\" data-element_type=\"container\" data-settings=\"{&quot;background_background&quot;:&quot;classic&quot;}\">\n\t\t\t\t<div class=\"elementor-element elementor-element-28d7fba elementor-widget elementor-widget-heading\" data-id=\"28d7fba\" data-element_type=\"widget\" data-widget_type=\"heading.default\">\n\t\t\t\t<div class=\"elementor-widget-container\">\n\t\t\t\t\t<h2 class=\"elementor-heading-title elementor-size-default\">Nos offres pour les entreprises<\/h2>\t\t\t\t<\/div>\n\t\t\t\t<\/div>\n\t\t\t\t<\/div>\n\t\t<div class=\"elementor-element elementor-element-a440340 e-flex e-con-boxed e-con e-parent\" data-id=\"a440340\" data-element_type=\"container\">\n\t\t\t\t\t<div class=\"e-con-inner\">\n\t\t<div class=\"elementor-element elementor-element-c744452 e-con-full e-flex e-con e-child\" data-id=\"c744452\" data-element_type=\"container\">\n\t\t\t\t<div class=\"elementor-element elementor-element-9828d73 elementor-widget elementor-widget-text-editor\" data-id=\"9828d73\" data-element_type=\"widget\" data-widget_type=\"text-editor.default\">\n\t\t\t\t<div class=\"elementor-widget-container\">\n\t\t\t\t\t\t\t\t\t<p><strong>A JAWAD, nous croyons en une formation g\u00e9n\u00e9reuse, qui place l\u2019humain au c\u0153ur de chaque apprentissage.<\/strong><\/p><p><span style=\"font-weight: 400;\">Nos formateurs partagent leur savoir avec passion, dans un esprit d\u2019\u00e9coute, de bienveillance et de transmission authentique.\u00a0<\/span><span style=\"font-weight: 400;\">Parce que chaque personne m\u00e9rite une formation qui lui donne les moyens d\u2019avancer, pleinement.<\/span><\/p>\t\t\t\t\t\t\t\t<\/div>\n\t\t\t\t<\/div>\n\t\t<div class=\"elementor-element elementor-element-80b9b3b e-con-full e-flex e-con e-child\" data-id=\"80b9b3b\" data-element_type=\"container\">\n\t\t<div class=\"elementor-element elementor-element-f0749fd e-grid e-con-full e-con e-child\" data-id=\"f0749fd\" data-element_type=\"container\">\n\t\t\t\t<div class=\"elementor-element elementor-element-6a519c1 elementor-cta--skin-cover elementor-cta--valign-middle elementor-animated-content elementor-bg-transform elementor-bg-transform-zoom-in elementor-widget elementor-widget-call-to-action\" data-id=\"6a519c1\" data-element_type=\"widget\" data-widget_type=\"call-to-action.default\">\n\t\t\t\t<div class=\"elementor-widget-container\">\n\t\t\t\t\t\t\t<div class=\"elementor-cta\">\n\t\t\t\t\t<div class=\"elementor-cta__bg-wrapper\">\n\t\t\t\t<div class=\"elementor-cta__bg elementor-bg\" style=\"background-image: url();\" role=\"img\" aria-label=\"\"><\/div>\n\t\t\t\t<div class=\"elementor-cta__bg-overlay\"><\/div>\n\t\t\t<\/div>\n\t\t\t\t\t\t\t<div class=\"elementor-cta__content\">\n\t\t\t\t\n\t\t\t\t\t\t\t\t\t<h2 class=\"elementor-cta__title elementor-cta__content-item elementor-content-item elementor-animated-item--grow\">\n\t\t\t\t\t\tTEAM BUILDING ET RETRAITE STRAT\u00c9GIQUE\t\t\t\t\t<\/h2>\n\t\t\t\t\n\t\t\t\t\n\t\t\t\t\t\t\t\t\t<div class=\"elementor-cta__button-wrapper elementor-cta__content-item elementor-content-item elementor-animated-item--grow\">\n\t\t\t\t\t<a class=\"elementor-cta__button elementor-button elementor-size-\" href=\"https:\/\/jawad.sn\/index.php\/team-building-et-retraite-strategique\/\">\n\t\t\t\t\t\tEn savoir plus\t\t\t\t\t<\/a>\n\t\t\t\t\t<\/div>\n\t\t\t\t\t\t\t<\/div>\n\t\t\t\t\t\t<\/div>\n\t\t\t\t\t\t<\/div>\n\t\t\t\t<\/div>\n\t\t\t\t<div class=\"elementor-element elementor-element-c53fedd elementor-cta--skin-cover elementor-cta--valign-middle elementor-animated-content elementor-bg-transform elementor-bg-transform-zoom-in elementor-widget elementor-widget-call-to-action\" data-id=\"c53fedd\" data-element_type=\"widget\" data-widget_type=\"call-to-action.default\">\n\t\t\t\t<div class=\"elementor-widget-container\">\n\t\t\t\t\t\t\t<div class=\"elementor-cta\">\n\t\t\t\t\t<div class=\"elementor-cta__bg-wrapper\">\n\t\t\t\t<div class=\"elementor-cta__bg elementor-bg\" style=\"background-image: url();\" role=\"img\" aria-label=\"\"><\/div>\n\t\t\t\t<div class=\"elementor-cta__bg-overlay\"><\/div>\n\t\t\t<\/div>\n\t\t\t\t\t\t\t<div class=\"elementor-cta__content\">\n\t\t\t\t\n\t\t\t\t\t\t\t\t\t<h2 class=\"elementor-cta__title elementor-cta__content-item elementor-content-item elementor-animated-item--grow\">\n\t\t\t\t\t\tLEADERSHIP & MANAGEMENT\t\t\t\t\t<\/h2>\n\t\t\t\t\n\t\t\t\t\n\t\t\t\t\t\t\t\t\t<div class=\"elementor-cta__button-wrapper elementor-cta__content-item elementor-content-item elementor-animated-item--grow\">\n\t\t\t\t\t<a class=\"elementor-cta__button elementor-button elementor-size-\" href=\"https:\/\/jawad.sn\/index.php\/leadership-management\/\">\n\t\t\t\t\t\tEn savoir plus\t\t\t\t\t<\/a>\n\t\t\t\t\t<\/div>\n\t\t\t\t\t\t\t<\/div>\n\t\t\t\t\t\t<\/div>\n\t\t\t\t\t\t<\/div>\n\t\t\t\t<\/div>\n\t\t\t\t<div class=\"elementor-element elementor-element-35a6193 elementor-cta--skin-cover elementor-cta--valign-middle elementor-animated-content elementor-bg-transform elementor-bg-transform-zoom-in elementor-widget elementor-widget-call-to-action\" data-id=\"35a6193\" data-element_type=\"widget\" data-widget_type=\"call-to-action.default\">\n\t\t\t\t<div class=\"elementor-widget-container\">\n\t\t\t\t\t\t\t<div class=\"elementor-cta\">\n\t\t\t\t\t<div class=\"elementor-cta__bg-wrapper\">\n\t\t\t\t<div class=\"elementor-cta__bg elementor-bg\" style=\"background-image: url();\" role=\"img\" aria-label=\"\"><\/div>\n\t\t\t\t<div class=\"elementor-cta__bg-overlay\"><\/div>\n\t\t\t<\/div>\n\t\t\t\t\t\t\t<div class=\"elementor-cta__content\">\n\t\t\t\t\n\t\t\t\t\t\t\t\t\t<h2 class=\"elementor-cta__title elementor-cta__content-item elementor-content-item elementor-animated-item--grow\">\n\t\t\t\t\t\tFORMATIONS SUR MESURE (INTRA-ENTREPRISE)\t\t\t\t\t<\/h2>\n\t\t\t\t\n\t\t\t\t\n\t\t\t\t\t\t\t\t\t<div class=\"elementor-cta__button-wrapper elementor-cta__content-item elementor-content-item elementor-animated-item--grow\">\n\t\t\t\t\t<a class=\"elementor-cta__button elementor-button elementor-size-\" href=\"https:\/\/jawad.sn\/index.php\/formations-sur-mesure-intra-entreprise\/\">\n\t\t\t\t\t\tEn savoir plus\t\t\t\t\t<\/a>\n\t\t\t\t\t<\/div>\n\t\t\t\t\t\t\t<\/div>\n\t\t\t\t\t\t<\/div>\n\t\t\t\t\t\t<\/div>\n\t\t\t\t<\/div>\n\t\t\t\t<\/div>\n\t\t\t\t<\/div>\n\t\t\t\t<\/div>\n\t\t\t\t\t<\/div>\n\t\t\t\t<\/div>\n\t\t\t\t<\/div>\n\t\t","protected":false},"excerpt":{"rendered":"<p>Nos offres pour les entreprises A JAWAD, nous croyons en une formation g\u00e9n\u00e9reuse, qui place l\u2019humain au c\u0153ur de chaque apprentissage. Nos formateurs partagent leur savoir avec passion, dans un esprit d\u2019\u00e9coute, de bienveillance et de transmission authentique.\u00a0Parce que chaque personne m\u00e9rite une formation qui lui donne les moyens d\u2019avancer, pleinement. TEAM BUILDING ET RETRAITE [&hellip;]<\/p>\n","protected":false},"author":2,"featured_media":0,"parent":0,"menu_order":0,"comment_status":"closed","ping_status":"closed","template":"","meta":{"ocean_post_layout":"","ocean_both_sidebars_style":"","ocean_both_sidebars_content_width":0,"ocean_both_sidebars_sidebars_width":0,"ocean_sidebar":"","ocean_second_sidebar":"","ocean_disable_margins":"enable","ocean_add_body_class":"","ocean_shortcode_before_top_bar":"","ocean_shortcode_after_top_bar":"","ocean_shortcode_before_header":"","ocean_shortcode_after_header":"","ocean_has_shortcode":"","ocean_shortcode_after_title":"","ocean_shortcode_before_footer_widgets":"","ocean_shortcode_after_footer_widgets":"","ocean_shortcode_before_footer_bottom":"","ocean_shortcode_after_footer_bottom":"","ocean_display_top_bar":"default","ocean_display_header":"default","ocean_header_style":"","ocean_center_header_left_menu":"","ocean_custom_header_template":"","ocean_custom_logo":0,"ocean_custom_retina_logo":0,"ocean_custom_logo_max_width":0,"ocean_custom_logo_tablet_max_width":0,"ocean_custom_logo_mobile_max_width":0,"ocean_custom_logo_max_height":0,"ocean_custom_logo_tablet_max_height":0,"ocean_custom_logo_mobile_max_height":0,"ocean_header_custom_menu":"","ocean_menu_typo_font_family":"","ocean_menu_typo_font_subset":"","ocean_menu_typo_font_size":0,"ocean_menu_typo_font_size_tablet":0,"ocean_menu_typo_font_size_mobile":0,"ocean_menu_typo_font_size_unit":"px","ocean_menu_typo_font_weight":"","ocean_menu_typo_font_weight_tablet":"","ocean_menu_typo_font_weight_mobile":"","ocean_menu_typo_transform":"","ocean_menu_typo_transform_tablet":"","ocean_menu_typo_transform_mobile":"","ocean_menu_typo_line_height":0,"ocean_menu_typo_line_height_tablet":0,"ocean_menu_typo_line_height_mobile":0,"ocean_menu_typo_line_height_unit":"","ocean_menu_typo_spacing":0,"ocean_menu_typo_spacing_tablet":0,"ocean_menu_typo_spacing_mobile":0,"ocean_menu_typo_spacing_unit":"","ocean_menu_link_color":"","ocean_menu_link_color_hover":"","ocean_menu_link_color_active":"","ocean_menu_link_background":"","ocean_menu_link_hover_background":"","ocean_menu_link_active_background":"","ocean_menu_social_links_bg":"","ocean_menu_social_hover_links_bg":"","ocean_menu_social_links_color":"","ocean_menu_social_hover_links_color":"","ocean_disable_title":"default","ocean_disable_heading":"default","ocean_post_title":"","ocean_post_subheading":"","ocean_post_title_style":"","ocean_post_title_background_color":"","ocean_post_title_background":0,"ocean_post_title_bg_image_position":"","ocean_post_title_bg_image_attachment":"","ocean_post_title_bg_image_repeat":"","ocean_post_title_bg_image_size":"","ocean_post_title_height":0,"ocean_post_title_bg_overlay":0.5,"ocean_post_title_bg_overlay_color":"","ocean_disable_breadcrumbs":"default","ocean_breadcrumbs_color":"","ocean_breadcrumbs_separator_color":"","ocean_breadcrumbs_links_color":"","ocean_breadcrumbs_links_hover_color":"","ocean_display_footer_widgets":"default","ocean_display_footer_bottom":"default","ocean_custom_footer_template":"","footnotes":""},"class_list":["post-134","page","type-page","status-publish","hentry","entry"],"yoast_head":"<!-- This site is optimized with the Yoast SEO plugin v25.3.1 - https:\/\/yoast.com\/wordpress\/plugins\/seo\/ -->\n<title>Formations professionnelles sur mesure pour les entreprises<\/title>\n<meta name=\"description\" content=\"Chez JAWAD, nous accompagnons les entreprises dans la mont\u00e9e en comp\u00e9tences de leurs \u00e9quipes \u00e0 travers des formations cibl\u00e9es, pratiques et adapt\u00e9es aux r\u00e9alit\u00e9s du terrain. Nos modules couvrent des domaines cl\u00e9s : communication, leadership, outils digitaux, soft skills, gestion de projet, intelligence \u00e9motionnelle et bien plus encore.Pourquoi choisir JAWAD ? \u2022 Formateurs exp\u00e9riment\u00e9s et \u00e0 l\u2019\u00e9coute \u2022 Programmes personnalisables selon vos objectifs \u2022 P\u00e9dagogie active et bienveillante \u2022 Suivi et accompagnement post-formation\" \/>\n<meta name=\"robots\" content=\"index, follow, max-snippet:-1, max-image-preview:large, max-video-preview:-1\" \/>\n<link rel=\"canonical\" href=\"https:\/\/jawad.sn\/index.php\/investissez-dans-le-potentiel-humain-de-votre-entreprise-parlons-en\/\" \/>\n<meta property=\"og:locale\" content=\"fr_FR\" \/>\n<meta property=\"og:type\" content=\"article\" \/>\n<meta property=\"og:title\" content=\"Formations professionnelles sur mesure pour les entreprises\" \/>\n<meta property=\"og:description\" content=\"Chez JAWAD, nous accompagnons les entreprises dans la mont\u00e9e en comp\u00e9tences de leurs \u00e9quipes \u00e0 travers des formations cibl\u00e9es, pratiques et adapt\u00e9es aux r\u00e9alit\u00e9s du terrain. Nos modules couvrent des domaines cl\u00e9s : communication, leadership, outils digitaux, soft skills, gestion de projet, intelligence \u00e9motionnelle et bien plus encore.Pourquoi choisir JAWAD ? \u2022 Formateurs exp\u00e9riment\u00e9s et \u00e0 l\u2019\u00e9coute \u2022 Programmes personnalisables selon vos objectifs \u2022 P\u00e9dagogie active et bienveillante \u2022 Suivi et accompagnement post-formation\" \/>\n<meta property=\"og:url\" content=\"https:\/\/jawad.sn\/index.php\/investissez-dans-le-potentiel-humain-de-votre-entreprise-parlons-en\/\" \/>\n<meta property=\"og:site_name\" content=\"jawad\" \/>\n<meta property=\"article:modified_time\" content=\"2025-06-26T14:43:52+00:00\" \/>\n<meta name=\"twitter:card\" content=\"summary_large_image\" \/>\n<meta name=\"twitter:label1\" content=\"Dur\u00e9e de lecture estim\u00e9e\" \/>\n\t<meta name=\"twitter:data1\" content=\"1 minute\" \/>\n<script type=\"application\/ld+json\" class=\"yoast-schema-graph\">{\"@context\":\"https:\/\/schema.org\",\"@graph\":[{\"@type\":\"WebPage\",\"@id\":\"https:\/\/jawad.sn\/index.php\/investissez-dans-le-potentiel-humain-de-votre-entreprise-parlons-en\/\",\"url\":\"https:\/\/jawad.sn\/index.php\/investissez-dans-le-potentiel-humain-de-votre-entreprise-parlons-en\/\",\"name\":\"Formations professionnelles sur mesure pour les entreprises\",\"isPartOf\":{\"@id\":\"https:\/\/jawad.sn\/#website\"},\"datePublished\":\"2025-05-19T23:03:13+00:00\",\"dateModified\":\"2025-06-26T14:43:52+00:00\",\"description\":\"Chez JAWAD, nous accompagnons les entreprises dans la mont\u00e9e en comp\u00e9tences de leurs \u00e9quipes \u00e0 travers des formations cibl\u00e9es, pratiques et adapt\u00e9es aux r\u00e9alit\u00e9s du terrain. Nos modules couvrent des domaines cl\u00e9s : communication, leadership, outils digitaux, soft skills, gestion de projet, intelligence \u00e9motionnelle et bien plus encore.Pourquoi choisir JAWAD ? \u2022 Formateurs exp\u00e9riment\u00e9s et \u00e0 l\u2019\u00e9coute \u2022 Programmes personnalisables selon vos objectifs \u2022 P\u00e9dagogie active et bienveillante \u2022 Suivi et accompagnement post-formation\",\"breadcrumb\":{\"@id\":\"https:\/\/jawad.sn\/index.php\/investissez-dans-le-potentiel-humain-de-votre-entreprise-parlons-en\/#breadcrumb\"},\"inLanguage\":\"fr-FR\",\"potentialAction\":[{\"@type\":\"ReadAction\",\"target\":[\"https:\/\/jawad.sn\/index.php\/investissez-dans-le-potentiel-humain-de-votre-entreprise-parlons-en\/\"]}]},{\"@type\":\"BreadcrumbList\",\"@id\":\"https:\/\/jawad.sn\/index.php\/investissez-dans-le-potentiel-humain-de-votre-entreprise-parlons-en\/#breadcrumb\",\"itemListElement\":[{\"@type\":\"ListItem\",\"position\":1,\"name\":\"Accueil\",\"item\":\"https:\/\/jawad.sn\/\"},{\"@type\":\"ListItem\",\"position\":2,\"name\":\"Entreprise\"}]},{\"@type\":\"WebSite\",\"@id\":\"https:\/\/jawad.sn\/#website\",\"url\":\"https:\/\/jawad.sn\/\",\"name\":\"jawad\",\"description\":\"Chaque comp\u00e9tence compte, chaque parcours m\u00e9rite l\u2019essor\",\"publisher\":{\"@id\":\"https:\/\/jawad.sn\/#organization\"},\"potentialAction\":[{\"@type\":\"SearchAction\",\"target\":{\"@type\":\"EntryPoint\",\"urlTemplate\":\"https:\/\/jawad.sn\/?s={search_term_string}\"},\"query-input\":{\"@type\":\"PropertyValueSpecification\",\"valueRequired\":true,\"valueName\":\"search_term_string\"}}],\"inLanguage\":\"fr-FR\"},{\"@type\":\"Organization\",\"@id\":\"https:\/\/jawad.sn\/#organization\",\"name\":\"jawad\",\"url\":\"https:\/\/jawad.sn\/\",\"logo\":{\"@type\":\"ImageObject\",\"inLanguage\":\"fr-FR\",\"@id\":\"https:\/\/jawad.sn\/#\/schema\/logo\/image\/\",\"url\":\"https:\/\/jawad.sn\/wp-content\/uploads\/2025\/05\/photo_2025-05-22_12-44-57-removebg-preview.png\",\"contentUrl\":\"https:\/\/jawad.sn\/wp-content\/uploads\/2025\/05\/photo_2025-05-22_12-44-57-removebg-preview.png\",\"width\":666,\"height\":375,\"caption\":\"jawad\"},\"image\":{\"@id\":\"https:\/\/jawad.sn\/#\/schema\/logo\/image\/\"}}]}<\/script>\n<!-- \/ Yoast SEO plugin. -->","yoast_head_json":{"title":"Formations professionnelles sur mesure pour les entreprises","description":"Chez JAWAD, nous accompagnons les entreprises dans la mont\u00e9e en comp\u00e9tences de leurs \u00e9quipes \u00e0 travers des formations cibl\u00e9es, pratiques et adapt\u00e9es aux r\u00e9alit\u00e9s du terrain. Nos modules couvrent des domaines cl\u00e9s : communication, leadership, outils digitaux, soft skills, gestion de projet, intelligence \u00e9motionnelle et bien plus encore.Pourquoi choisir JAWAD ? \u2022 Formateurs exp\u00e9riment\u00e9s et \u00e0 l\u2019\u00e9coute \u2022 Programmes personnalisables selon vos objectifs \u2022 P\u00e9dagogie active et bienveillante \u2022 Suivi et accompagnement post-formation","robots":{"index":"index","follow":"follow","max-snippet":"max-snippet:-1","max-image-preview":"max-image-preview:large","max-video-preview":"max-video-preview:-1"},"canonical":"https:\/\/jawad.sn\/index.php\/investissez-dans-le-potentiel-humain-de-votre-entreprise-parlons-en\/","og_locale":"fr_FR","og_type":"article","og_title":"Formations professionnelles sur mesure pour les entreprises","og_description":"Chez JAWAD, nous accompagnons les entreprises dans la mont\u00e9e en comp\u00e9tences de leurs \u00e9quipes \u00e0 travers des formations cibl\u00e9es, pratiques et adapt\u00e9es aux r\u00e9alit\u00e9s du terrain. Nos modules couvrent des domaines cl\u00e9s : communication, leadership, outils digitaux, soft skills, gestion de projet, intelligence \u00e9motionnelle et bien plus encore.Pourquoi choisir JAWAD ? \u2022 Formateurs exp\u00e9riment\u00e9s et \u00e0 l\u2019\u00e9coute \u2022 Programmes personnalisables selon vos objectifs \u2022 P\u00e9dagogie active et bienveillante \u2022 Suivi et accompagnement post-formation","og_url":"https:\/\/jawad.sn\/index.php\/investissez-dans-le-potentiel-humain-de-votre-entreprise-parlons-en\/","og_site_name":"jawad","article_modified_time":"2025-06-26T14:43:52+00:00","twitter_card":"summary_large_image","twitter_misc":{"Dur\u00e9e de lecture estim\u00e9e":"1 minute"},"schema":{"@context":"https:\/\/schema.org","@graph":[{"@type":"WebPage","@id":"https:\/\/jawad.sn\/index.php\/investissez-dans-le-potentiel-humain-de-votre-entreprise-parlons-en\/","url":"https:\/\/jawad.sn\/index.php\/investissez-dans-le-potentiel-humain-de-votre-entreprise-parlons-en\/","name":"Formations professionnelles sur mesure pour les entreprises","isPartOf":{"@id":"https:\/\/jawad.sn\/#website"},"datePublished":"2025-05-19T23:03:13+00:00","dateModified":"2025-06-26T14:43:52+00:00","description":"Chez JAWAD, nous accompagnons les entreprises dans la mont\u00e9e en comp\u00e9tences de leurs \u00e9quipes \u00e0 travers des formations cibl\u00e9es, pratiques et adapt\u00e9es aux r\u00e9alit\u00e9s du terrain. Nos modules couvrent des domaines cl\u00e9s : communication, leadership, outils digitaux, soft skills, gestion de projet, intelligence \u00e9motionnelle et bien plus encore.Pourquoi choisir JAWAD ? \u2022 Formateurs exp\u00e9riment\u00e9s et \u00e0 l\u2019\u00e9coute \u2022 Programmes personnalisables selon vos objectifs \u2022 P\u00e9dagogie active et bienveillante \u2022 Suivi et accompagnement post-formation","breadcrumb":{"@id":"https:\/\/jawad.sn\/index.php\/investissez-dans-le-potentiel-humain-de-votre-entreprise-parlons-en\/#breadcrumb"},"inLanguage":"fr-FR","potentialAction":[{"@type":"ReadAction","target":["https:\/\/jawad.sn\/index.php\/investissez-dans-le-potentiel-humain-de-votre-entreprise-parlons-en\/"]}]},{"@type":"BreadcrumbList","@id":"https:\/\/jawad.sn\/index.php\/investissez-dans-le-potentiel-humain-de-votre-entreprise-parlons-en\/#breadcrumb","itemListElement":[{"@type":"ListItem","position":1,"name":"Accueil","item":"https:\/\/jawad.sn\/"},{"@type":"ListItem","position":2,"name":"Entreprise"}]},{"@type":"WebSite","@id":"https:\/\/jawad.sn\/#website","url":"https:\/\/jawad.sn\/","name":"jawad","description":"Chaque comp\u00e9tence compte, chaque parcours m\u00e9rite l\u2019essor","publisher":{"@id":"https:\/\/jawad.sn\/#organization"},"potentialAction":[{"@type":"SearchAction","target":{"@type":"EntryPoint","urlTemplate":"https:\/\/jawad.sn\/?s={search_term_string}"},"query-input":{"@type":"PropertyValueSpecification","valueRequired":true,"valueName":"search_term_string"}}],"inLanguage":"fr-FR"},{"@type":"Organization","@id":"https:\/\/jawad.sn\/#organization","name":"jawad","url":"https:\/\/jawad.sn\/","logo":{"@type":"ImageObject","inLanguage":"fr-FR","@id":"https:\/\/jawad.sn\/#\/schema\/logo\/image\/","url":"https:\/\/jawad.sn\/wp-content\/uploads\/2025\/05\/photo_2025-05-22_12-44-57-removebg-preview.png","contentUrl":"https:\/\/jawad.sn\/wp-content\/uploads\/2025\/05\/photo_2025-05-22_12-44-57-removebg-preview.png","width":666,"height":375,"caption":"jawad"},"image":{"@id":"https:\/\/jawad.sn\/#\/schema\/logo\/image\/"}}]}},"_links":{"self":[{"href":"https:\/\/jawad.sn\/index.php\/wp-json\/wp\/v2\/pages\/134","targetHints":{"allow":["GET"]}}],"collection":[{"href":"https:\/\/jawad.sn\/index.php\/wp-json\/wp\/v2\/pages"}],"about":[{"href":"https:\/\/jawad.sn\/index.php\/wp-json\/wp\/v2\/types\/page"}],"author":[{"embeddable":true,"href":"https:\/\/jawad.sn\/index.php\/wp-json\/wp\/v2\/users\/2"}],"replies":[{"embeddable":true,"href":"https:\/\/jawad.sn\/index.php\/wp-json\/wp\/v2\/comments?post=134"}],"version-history":[{"count":15,"href":"https:\/\/jawad.sn\/index.php\/wp-json\/wp\/v2\/pages\/134\/revisions"}],"predecessor-version":[{"id":531,"href":"https:\/\/jawad.sn\/index.php\/wp-json\/wp\/v2\/pages\/134\/revisions\/531"}],"wp:attachment":[{"href":"https:\/\/jawad.sn\/index.php\/wp-json\/wp\/v2\/media?parent=134"}],"curies":[{"name":"wp","href":"https:\/\/api.w.org\/{rel}","templated":true}]}}